{"id":413,"date":"2022-04-01T21:30:01","date_gmt":"2022-04-02T01:30:01","guid":{"rendered":"https:\/\/emcmtl.org\/accueil\/"},"modified":"2026-04-09T11:25:43","modified_gmt":"2026-04-09T15:25:43","slug":"accueil","status":"publish","type":"page","link":"https:\/\/emcmtl.org\/fr\/","title":{"rendered":"Accueil"},"content":{"rendered":"\n<div class=\"wp-block-coblocks-hero alignfull coblocks-hero-3117260996 homeHero mb-0\"><div class=\"wp-block-coblocks-hero__inner bg-cover has-background-image bg-no-repeat bg-center-center hero-center-left-align has-padding has-huge-padding\" style=\"background-image:url(https:\/\/emcmtl.org\/wp-content\/uploads\/2022\/04\/pexels-victor-l-2790438-scaled.jpg);min-height:500px\"><div class=\"wp-block-coblocks-hero__content-wrapper\"><div class=\"wp-block-coblocks-hero__content\" style=\"max-width:560px\">\n<h2 class=\"wp-block-heading has-base-2-color has-text-color\">Bienvenue au Centre Eva Marsden pour la justice sociale et le vieillissement<\/h2>\n\n\n\n<p class=\"has-base-2-color has-text-color has-medium-font-size\">Le CEM \u0153uvre pour l\u2019\u00e9quit\u00e9 des a\u00een\u00e9es et a\u00een\u00e9s.<\/p>\n\n\n\n<div class=\"wp-block-buttons is-layout-flex wp-block-buttons-is-layout-flex\">\n<div class=\"wp-block-button\"><a class=\"wp-block-button__link wp-element-button\" href=\"https:\/\/emcmtl.org\/fr\/programmes-et-services\/\">Nos programmes<\/a><\/div>\n\n\n\n<div class=\"wp-block-button is-style-fill\"><a class=\"wp-block-button__link has-base-2-color has-text-color wp-element-button\" href=\"https:\/\/emcmtl.org\/fr\/nous-contacter\/\">Nous joindre&#8230;<\/a><\/div>\n<\/div>\n\n\n\n<p><\/p>\n<\/div><\/div><\/div><\/div>\n\n\n<div class=\"wp-block-coblocks-shape-divider triangleShape1 is-style-pointed mt-0 mb-0\" style=\"color: #e8cc66;\" aria-hidden=\"true\">\n\t\t\t<div class=\"wp-block-coblocks-shape-divider__svg-wrapper\" style=\"height:38px;\">\n\t\t\t\t<svg class=\"divider--pointed\" xmlns=\"http:\/\/www.w3.org\/2000\/svg\" viewBox=\"0 0 1000 100\" preserveAspectRatio=\"none\"><path d=\"M737.9,94.7L0,0v100h1000V0L737.9,94.7z\"><\/path><\/svg>\n\t\t\t<\/div>\n\t\t\t<div class=\"wp-block-coblocks-shape-divider__alt-wrapper\" style=\"height:0px;\"><\/div>\n\t\t<\/div>\n\n\n<div class=\"wp-block-group iconRow has-background mb-0 mt-0 is-content-justification-center is-layout-flex wp-container-core-group-is-layout-19578e90 wp-block-group-is-layout-flex\" style=\"background-color:#e8cc66\">\n<div class=\"wp-block-columns coblocks-animate is-layout-flex wp-container-core-columns-is-layout-9d6595d7 wp-block-columns-is-layout-flex\" data-coblocks-animation=\"fadeIn\">\n<div class=\"wp-block-column is-layout-flow wp-block-column-is-layout-flow\">\n<div class=\"wp-block-coblocks-features coblocks-features-3123302402\"><div class=\"wp-block-coblocks-features__inner has-1-columns has-center-content has-no-gutter\">\n<div class=\"wp-block-coblocks-feature coblocks-feature-3123302554\"><div class=\"wp-block-coblocks-feature__inner has-no-padding\"><div class=\"wp-block-coblocks-icon\">\n\t\t\t\t<div class=\"wp-block-coblocks-icon__inner has-text-color has-accent-color\" style=\"height: 60px; width: 60px;\">\n\t\t\t\t\t<a href=\"\/programs-services\" rel=\"\" target=\"_self\" style=\"\"><svg fill=\"none\" viewBox=\"0 0 20 20\" xmlns=\"http:\/\/www.w3.org\/2000\/svg\"><path d=\"m6.81904762 11.4952381c.14285714 0 .27619048-.0095238.40952381-.0285714.44761905 1.0952381 1.52380952 1.8666666 2.77142857 1.8666666 1.247619 0 2.3238095-.7714285 2.7714286-1.8666666.1333333.0190476.2761904.0285714.4095238.0285714 1.647619 0 2.9904762-1.3428571 2.9904762-2.9904762 0-.67619047-.2380953-1.32380952-.6380953-1.83809523.4095238-.51428572.6380953-1.16190477.6380953-1.83809524 0-1.64761905-1.3428572-2.99047619-2.9904762-2.99047619-.1428572 0-.2761905.00952381-.4095238.02857143-.4476191-1.0952381-1.5238096-1.86666667-2.7714286-1.86666667-1.24761905 0-2.32380952.77142857-2.77142857 1.86666667-.13333333-.01904762-.27619048-.02857143-.40952381-.02857143-1.64761905 0-2.99047619 1.34285714-2.99047619 2.99047619 0 .67619047.23809524 1.32380952.63809524 1.83809524-.40952381.51428571-.64761905 1.16190476-.64761905 1.83809523 0 1.6476191 1.34285714 2.9904762 3 2.9904762zm3.18095238-.0666667c-.59047619 0-1.06666667-.4666666-1.08571429-1.047619l.11428572-1.03809526c.3047619.11428572.62857143.18095238.97142857.18095238.3428571 0 .6761905-.06666666.9809524-.18095238l.1047619 1.03809526c-.0190476.5809524-.4952381 1.047619-1.0857143 1.047619zm3.1809524-1.83809521c-.2285714 0-.4380953-.06666667-.6095238-.19047619l-.7714286-.54285714c.5238095-.42857143.8952381-1.03809524 1.0095238-1.74285715l.8380952.4c.3809524.18095239.6285715.56190477.6285715.98095239 0 .6095238-.4952381 1.09523809-1.0952381 1.09523809zm-.6190476-5.65714286c.1904762-.12380952.4-.19047619.6190476-.19047619.6 0 1.0857143.48571429 1.0857143 1.08571429 0 .41904762-.2380953.79047619-.6285715.98095238l-.8380952.4c-.1142857-.70476191-.4857143-1.31428571-1.0190476-1.74285714zm-2.5619048-2.02857143c.5904762 0 1.0666667.46666667 1.0857143 1.04761905l-.1047619 1.03809524c-.3047619-.11428571-.6380953-.18095238-.9809524-.18095238-.34285714 0-.66666667.06666667-.97142857.18095238l-.11428572-1.03809524c.01904762-.58095238.4952381-1.04761905 1.08571429-1.04761905zm-3.18095238 1.83809524c.22857143 0 .43809524.06666667.60952381.19047619l.77142857.53333334c-.52380952.42857143-.8952381 1.03809523-1.00952381 1.74285714l-.83809524-.4c-.38095238-.19047619-.62857143-.56190476-.62857143-.98095238 0-.6.4952381-1.08571429 1.0952381-1.08571429zm-.46666667 3.78095238.83809524-.4c.11428571.70476191.48571429 1.31428572 1.01904762 1.74285715l-.77142857.52380952c-.19047619.12380952-.4.19047619-.61904762.19047619-.6 0-1.08571429-.48571428-1.08571429-1.08571428-.00952381-.40952381.23809524-.78095239.61904762-.97142858zm3.64761905 12.47619048c4.7333333 0 8.5714286-3.8380952 8.5714286-8.5714286-4.7333334 0-8.5714286 3.8380953-8.5714286 8.5714286zm2.3238095-2.3238095c.6761905-1.8095238 2.1142857-3.2571429 3.9238095-3.9238095-.6761904 1.8095238-2.1142857 3.247619-3.9238095 3.9238095zm-10.89523807-6.2476191c0 4.7333334 3.83809524 8.5714286 8.57142857 8.5714286 0-4.7333333-3.83809524-8.5714286-8.57142857-8.5714286zm2.32380952 2.3238096c1.80952381.6761904 3.25714286 2.1142857 3.92380953 3.9238095-1.80952381-.6761905-3.24761905-2.1142857-3.92380953-3.9238095z\" fill=\"currentColor\" \/><\/svg><\/a>\n\t\t\t\t<\/div>\n\t\t\t<\/div>\n\n\n<h4 class=\"wp-block-heading has-accent-color has-text-color\" style=\"font-style:normal;font-weight:600\">Services et programmes<\/h4>\n\n\n\n<p><\/p>\n<\/div><\/div>\n<\/div><\/div>\n<\/div>\n\n\n\n<div class=\"wp-block-column is-layout-flow wp-block-column-is-layout-flow\">\n<div class=\"wp-block-coblocks-features coblocks-features-31233012944\"><div class=\"wp-block-coblocks-features__inner has-1-columns has-center-content has-no-gutter\">\n<div class=\"wp-block-coblocks-feature coblocks-feature-31233013113\"><div class=\"wp-block-coblocks-feature__inner has-no-padding\"><div class=\"wp-block-coblocks-icon\">\n\t\t\t\t<div class=\"wp-block-coblocks-icon__inner has-text-color has-accent-color\" style=\"height: 60px; width: 60px;\">\n\t\t\t\t\t<a href=\"\/programs-services#advocacy\" rel=\"\" target=\"_self\" style=\"\"><svg fill=\"none\" viewBox=\"0 0 24 25\" xmlns=\"http:\/\/www.w3.org\/2000\/svg\"><path fill=\"none\" d=\"m12.5 17v-2c0-1.1046-.8954-2-2-2h-4c-1.10457 0-2 .8954-2 2v2\" stroke=\"currentColor\" stroke-width=\"1.5\"\/><path d=\"m19.5 17v-1c0-1.1046-.8954-2-2-2h-2.5\" fill=\"none\" stroke=\"currentColor\" stroke-width=\"1.5\"\/><circle cx=\"15.5\" cy=\"10\" fill=\"currentColor\" r=\"2\"\/><circle cx=\"8.5\" cy=\"9\" fill=\"currentColor\" r=\"2\"\/><circle cx=\"12\" cy=\"12\" r=\"9\" stroke=\"currentColor\" stroke-width=\"1.5\" fill=\"none\"\/><\/svg>\n<\/a>\n\t\t\t\t<\/div>\n\t\t\t<\/div>\n\n\n<h4 class=\"wp-block-heading has-accent-color has-text-color\" style=\"font-style:normal;font-weight:600\">D\u00e9fense des droits individuels<\/h4>\n\n\n\n<p><\/p>\n<\/div><\/div>\n<\/div><\/div>\n<\/div>\n\n\n\n<div class=\"wp-block-column is-layout-flow wp-block-column-is-layout-flow\">\n<div class=\"wp-block-coblocks-features coblocks-features-312330261\"><div class=\"wp-block-coblocks-features__inner has-1-columns has-center-content has-no-gutter\">\n<div class=\"wp-block-coblocks-feature coblocks-feature-31233026124\"><div class=\"wp-block-coblocks-feature__inner has-no-padding\"><div class=\"wp-block-coblocks-icon\">\n\t\t\t\t<div class=\"wp-block-coblocks-icon__inner has-text-color has-accent-color\" style=\"height: 60px; width: 60px;\">\n\t\t\t\t\t<a href=\"\/programs-services\" rel=\"\" target=\"_self\" style=\"\"><svg fill=\"none\" viewBox=\"0 0 20 20\" xmlns=\"http:\/\/www.w3.org\/2000\/svg\"><path d=\"m1.91428571 4.31428571 7.15238096 3.06666667-7.16190477-.95238095zm7.14285715 8.30476189-7.15238096 3.0666667v-2.1142857zm-9.04761905-11.19047617-.00952381 6.66666667 14.2857143 1.9047619-14.2857143 1.9047619.00952381 6.6666667 19.99047619-8.5714286z\" fill=\"currentColor\" \/><\/svg><\/a>\n\t\t\t\t<\/div>\n\t\t\t<\/div>\n\n\n<h4 class=\"wp-block-heading has-accent-color has-text-color\" style=\"font-style:normal;font-weight:600\">Intervention<\/h4>\n\n\n\n<p><\/p>\n<\/div><\/div>\n<\/div><\/div>\n<\/div>\n<\/div>\n<\/div>\n\n\n<div class=\"wp-block-coblocks-shape-divider is-style-pointed pointedShape1 is-vertically-flipped mt-0 mb-0\" style=\"color: #e8cc66;\" aria-hidden=\"true\">\n\t\t\t<div class=\"wp-block-coblocks-shape-divider__svg-wrapper\" style=\"height:38px;\">\n\t\t\t\t<svg class=\"divider--pointed\" xmlns=\"http:\/\/www.w3.org\/2000\/svg\" viewBox=\"0 0 1000 100\" preserveAspectRatio=\"none\"><path d=\"M737.9,94.7L0,0v100h1000V0L737.9,94.7z\"><\/path><\/svg>\n\t\t\t<\/div>\n\t\t\t<div class=\"wp-block-coblocks-shape-divider__alt-wrapper\" style=\"height:0px;\"><\/div>\n\t\t<\/div>\n\n\n<div class=\"wp-block-coblocks-hero alignfull coblocks-hero-3123582555 heroKnowledge mt-0\"><div class=\"wp-block-coblocks-hero__inner has-background-overlay bg-cover has-background-image bg-no-repeat bg-center-center hero-center-right-align has-padding has-huge-padding has-right-content\" style=\"background-image:url(https:\/\/emcmtl.org\/wp-content\/uploads\/2024\/05\/knowledge-sharing-min.jpg);background-position:64% 15%;min-height:360px\"><div class=\"wp-block-coblocks-hero__content-wrapper\"><div class=\"wp-block-coblocks-hero__content\" style=\"max-width:560px\">\n\n<h4 class=\"wp-block-heading has-base-3-color has-text-color\" style=\"font-style:normal;font-weight:600\">Partage de connaissances <\/h4>\n\n\n<p class=\"has-base-3-color has-text-color has-medium-font-size\">Le CEM partage son expertise en participant \u00e0 des projets de recherche et de repr\u00e9sentation dans les domaines universitaire, m\u00e9diatique, gouvernemental et professionnel.<\/p>\n\n\n<div class=\"wp-block-buttons is-horizontal is-content-justification-right is-layout-flex wp-container-core-buttons-is-layout-ae2fe186 wp-block-buttons-is-layout-flex\">\n\n<div class=\"wp-block-button\"><a class=\"wp-block-button__link has-global-color-10-background-color has-background wp-element-button\" href=\"https:\/\/emcmtl.org\/fr\/historique\/\">Notre histoire<\/a><\/div>\n\n<\/div>\n\n<\/div><\/div><\/div><\/div>\n\n\n<div class=\"wp-block-coblocks-shape-divider triangleShape1 is-style-pointed mt-0 mb-0\" style=\"color: #e8cc66;\" aria-hidden=\"true\">\n\t\t\t<div class=\"wp-block-coblocks-shape-divider__svg-wrapper\" style=\"height:38px;\">\n\t\t\t\t<svg class=\"divider--pointed\" xmlns=\"http:\/\/www.w3.org\/2000\/svg\" viewBox=\"0 0 1000 100\" preserveAspectRatio=\"none\"><path d=\"M737.9,94.7L0,0v100h1000V0L737.9,94.7z\"><\/path><\/svg>\n\t\t\t<\/div>\n\t\t\t<div class=\"wp-block-coblocks-shape-divider__alt-wrapper\" style=\"height:0px;\"><\/div>\n\t\t<\/div>\n\n\n<div class=\"wp-block-group iconRow has-background mb-0 mt-0 is-vertical is-content-justification-center is-layout-flex wp-container-core-group-is-layout-4b2eccd6 wp-block-group-is-layout-flex\" style=\"background-color:#e8cc66\">\n<div style=\"height:0px\" aria-hidden=\"true\" class=\"wp-block-spacer wp-container-content-d613cd94\"><\/div>\n\n\n\n<div class=\"wp-block-buttons is-content-justification-center is-layout-flex wp-container-core-buttons-is-layout-16018d1d wp-block-buttons-is-layout-flex\">\n<div class=\"wp-block-button has-custom-width wp-block-button__width-100 is-style-circular\"><a class=\"wp-block-button__link has-accent-background-color has-background has-medium-font-size has-text-align-center has-custom-font-size wp-element-button\" href=\"https:\/\/emcmtl.org\/wp-content\/uploads\/2025\/09\/Green-Modern-EMC-Newsletter-French.pdf\" target=\"_blank\" rel=\"noreferrer noopener\">Infolettre pour les soignants<\/a><\/div>\n<\/div>\n\n\n\n<div style=\"height:0px\" aria-hidden=\"true\" class=\"wp-block-spacer wp-container-content-d64d2fc5\"><\/div>\n<\/div>\n\n\n\n<figure class=\"wp-block-embed is-type-video is-provider-vimeo wp-block-embed-vimeo wp-embed-aspect-16-9 wp-has-aspect-ratio\"><div class=\"wp-block-embed__wrapper\">\n<iframe loading=\"lazy\" title=\"50th Anniversary Promo\" src=\"https:\/\/player.vimeo.com\/video\/1047721430?h=f85473e1fe&amp;dnt=1&amp;app_id=122963\" width=\"1200\" height=\"675\" frameborder=\"0\" allow=\"autoplay; fullscreen; picture-in-picture; clipboard-write; encrypted-media; web-share\" referrerpolicy=\"strict-origin-when-cross-origin\"><\/iframe>\n<\/div><\/figure>\n\n\n\n<div class=\"wp-block-coblocks-hero alignfull coblocks-hero-320177885 comdevHero mt-0\"><div class=\"wp-block-coblocks-hero__inner has-background-overlay bg-cover has-background-image bg-no-repeat bg-center-center hero-center-left-align has-padding has-huge-padding\" style=\"background-image:url(https:\/\/emcmtl.org\/wp-content\/uploads\/2022\/04\/pexels-rodnae-productions-5637712-1-scaled.jpg);min-height:560px\"><div class=\"wp-block-coblocks-hero__content-wrapper\"><div class=\"wp-block-coblocks-hero__content\" style=\"max-width:560px\">\n<h4 class=\"wp-block-heading has-base-3-color has-text-color\" style=\"font-style:normal;font-weight:600\">D\u00e9veloppement communautaire<\/h4>\n\n\n\n<p class=\"has-base-3-color has-text-color\" style=\"font-size:18px\">Le CEM fait partie d\u2019un vaste r\u00e9seau d\u2019organisations \u00e0 divers \u00e9chelons et participe \u00e0 des programmes gouvernementaux aux \u00e9chelons municipal, provincial et f\u00e9d\u00e9ral, afin d\u2019assurer la vitalit\u00e9 et la pertinence de l\u2019organisme dans son ensemble.<\/p>\n\n\n\n<p class=\"has-base-3-color has-text-color\" style=\"font-size:18px\">Le CEM partage son exp\u00e9rience et son expertise avec un grand nombre de regroupements, tables et associations. Le CEM a diversifi\u00e9 son r\u00f4le sur le territoire du CIUSSS Centre-Ouest afin de mieux soutenir les besoins de sa population anglophone.<\/p>\n\n\n\n<div class=\"wp-block-buttons is-layout-flex wp-block-buttons-is-layout-flex\">\n<div class=\"wp-block-button is-style-circular\"><a class=\"wp-block-button__link has-global-color-10-background-color has-background wp-element-button\" href=\"https:\/\/emcmtl.org\/fr\/nos-actions\/#development\">En apprendre plus<\/a><\/div>\n<\/div>\n<\/div><\/div><\/div><\/div>\n\n\n<div class=\"wp-block-coblocks-shape-divider pointedShape2 is-style-pointed has-accent-color mt-0 mb-0\" style=\"\" aria-hidden=\"true\">\n\t\t\t<div class=\"wp-block-coblocks-shape-divider__svg-wrapper\" style=\"height:38px;\">\n\t\t\t\t<svg class=\"divider--pointed\" xmlns=\"http:\/\/www.w3.org\/2000\/svg\" viewBox=\"0 0 1000 100\" preserveAspectRatio=\"none\"><path d=\"M737.9,94.7L0,0v100h1000V0L737.9,94.7z\"><\/path><\/svg>\n\t\t\t<\/div>\n\t\t\t<div class=\"wp-block-coblocks-shape-divider__alt-wrapper\" style=\"height:0px;\"><\/div>\n\t\t<\/div>","protected":false},"excerpt":{"rendered":"","protected":false},"author":1,"featured_media":0,"parent":0,"menu_order":0,"comment_status":"closed","ping_status":"closed","template":"","meta":{"_coblocks_attr":"","_coblocks_dimensions":"","_coblocks_responsive_height":"","_coblocks_accordion_ie_support":"","footnotes":""},"class_list":["post-413","page","type-page","status-publish"],"_links":{"self":[{"href":"https:\/\/emcmtl.org\/fr\/wp-json\/wp\/v2\/pages\/413","targetHints":{"allow":["GET"]}}],"collection":[{"href":"https:\/\/emcmtl.org\/fr\/wp-json\/wp\/v2\/pages"}],"about":[{"href":"https:\/\/emcmtl.org\/fr\/wp-json\/wp\/v2\/types\/page"}],"author":[{"embeddable":true,"href":"https:\/\/emcmtl.org\/fr\/wp-json\/wp\/v2\/users\/1"}],"replies":[{"embeddable":true,"href":"https:\/\/emcmtl.org\/fr\/wp-json\/wp\/v2\/comments?post=413"}],"version-history":[{"count":18,"href":"https:\/\/emcmtl.org\/fr\/wp-json\/wp\/v2\/pages\/413\/revisions"}],"predecessor-version":[{"id":1454,"href":"https:\/\/emcmtl.org\/fr\/wp-json\/wp\/v2\/pages\/413\/revisions\/1454"}],"wp:attachment":[{"href":"https:\/\/emcmtl.org\/fr\/wp-json\/wp\/v2\/media?parent=413"}],"curies":[{"name":"wp","href":"https:\/\/api.w.org\/{rel}","templated":true}]}}