{"id":423,"date":"2022-04-01T20:50:32","date_gmt":"2022-04-01T20:50:32","guid":{"rendered":"https:\/\/emcmtl.org\/dons\/"},"modified":"2023-10-05T19:12:09","modified_gmt":"2023-10-05T19:12:09","slug":"dons","status":"publish","type":"page","link":"https:\/\/emcmtl.org\/fr\/dons\/","title":{"rendered":"Dons"},"content":{"rendered":"\n<div class=\"wp-block-cover is-light\" style=\"min-height:300px;aspect-ratio:unset;\"><span aria-hidden=\"true\" class=\"wp-block-cover__background has-background-dim\"><\/span><img fetchpriority=\"high\" decoding=\"async\" width=\"1707\" height=\"2560\" class=\"wp-block-cover__image-background wp-image-308\" alt=\"\" src=\"https:\/\/emcmtl.org\/wp-content\/uploads\/2022\/04\/pexels-alena-darmel-7322111-scaled.jpg\" style=\"object-position:49% 45%\" data-object-fit=\"cover\" data-object-position=\"49% 45%\" srcset=\"https:\/\/emcmtl.org\/wp-content\/uploads\/2022\/04\/pexels-alena-darmel-7322111-scaled.jpg 1707w, https:\/\/emcmtl.org\/wp-content\/uploads\/2022\/04\/pexels-alena-darmel-7322111-200x300.jpg 200w, https:\/\/emcmtl.org\/wp-content\/uploads\/2022\/04\/pexels-alena-darmel-7322111-683x1024.jpg 683w, https:\/\/emcmtl.org\/wp-content\/uploads\/2022\/04\/pexels-alena-darmel-7322111-768x1152.jpg 768w, https:\/\/emcmtl.org\/wp-content\/uploads\/2022\/04\/pexels-alena-darmel-7322111-1024x1536.jpg 1024w, https:\/\/emcmtl.org\/wp-content\/uploads\/2022\/04\/pexels-alena-darmel-7322111-1365x2048.jpg 1365w\" sizes=\"(max-width: 1707px) 100vw, 1707px\" \/><div class=\"wp-block-cover__inner-container is-layout-flow wp-block-cover-is-layout-flow\">\n<p class=\"has-text-align-center has-large-font-size\">Dons<\/p>\n<\/div><\/div>\n\n\n\n<p class=\"wp-block-coblocks-highlight\" style=\"font-size:24px;text-align:center\"><mark class=\"wp-block-coblocks-highlight__content\">Un don de votre part nous aide \u00e0 mitiger les effets de la pauvret\u00e9 sur la vie des personnes de 50 ans et plus \u00e0 Montr\u00e9al Centre-Ouest.&nbsp;<br><\/mark><\/p>\n\n\n\n<div class=\"wp-block-buttons is-content-justification-center is-layout-flex wp-container-core-buttons-is-layout-16018d1d wp-block-buttons-is-layout-flex\">\n<div class=\"wp-block-button has-custom-font-size is-style-circular donate-btn has-medium-font-size aligncenter\"><a class=\"wp-block-button__link wp-element-button\" href=\"https:\/\/www.canadahelps.org\/en\/charities\/emcmtl\/\">Faire un don en ligne<\/a><\/div>\n\n\n\n<div class=\"wp-block-button has-custom-font-size is-style-circular donate-btn has-medium-font-size aligncenter\"><a class=\"wp-block-button__link wp-element-button\" href=\"https:\/\/emcmtl.org\/wp-content\/uploads\/2023\/10\/Formulaire-de-don_-Donor-Form.pdf\">T\u00e9l\u00e9charger le formulaire de don<\/a><\/div>\n<\/div>\n\n\n\n<div style=\"height:20px\" aria-hidden=\"true\" class=\"wp-block-spacer\"><\/div>\n\n\n\n<div class=\"wp-block-columns is-layout-flex wp-container-core-columns-is-layout-9d6595d7 wp-block-columns-is-layout-flex\">\n<div class=\"wp-block-column is-layout-flow wp-block-column-is-layout-flow\">\n<h6 class=\"wp-block-heading\"><a href=\"https:\/\/www.canadahelps.org\/en\/charities\/ndg-senior-citizens-council\/\">CANADAHELPS.ORG<\/a><\/h6>\n\n\n\n<p>CanaDon.org est un organisme sans but lucratif qui assure la protection de vos renseignements personnels et la s\u00e9curit\u00e9 de vos transactions. &nbsp;Cet organisme s&rsquo;occupe de recevoir les dons par Internet pour des milliers d&rsquo;organismes de bienfaisance canadiens. Sa grande taille lui permet de n\u00e9gocier des taux pr\u00e9f\u00e9rentiels aupr\u00e8s des banques et des entreprises de cartes de cr\u00e9dit, ce qui r\u00e9duit nos frais administratifs et maximise l&rsquo;apport des dons re\u00e7us au soutien de nos programmes.<\/p>\n<\/div>\n\n\n\n<div class=\"wp-block-column is-layout-flow wp-block-column-is-layout-flow\">\n<p><\/p>\n\n\n\n<p>Pour nous faire parvenir un don par la poste, veuillez t\u00e9l\u00e9charger et imprimer ce formulaire. Vous recevrez par courrier un re\u00e7u pour don de bienfaisance pour tout don de 10 $ ou plus. <\/p>\n\n\n\n<p>Consid\u00e9rez aussi un don In Memoriam, ou encore pour honorer un \u00eatre cher qui c\u00e9l\u00e8bre un \u00e9v\u00e9nement sp\u00e9cial, tel qu&rsquo;un anniversaire, un anniversaire de mariage, une nouvelle union ou la naissance d&rsquo;un enfant.<\/p>\n<\/div>\n<\/div>\n\n\n\n<h3 class=\"wp-block-heading\">M\u00e9c\u00e9nat d&rsquo;entreprise<\/h3>\n\n\n\n<p>Si vous \u00eates employ\u00e9\u00b7e ou propri\u00e9taire d&rsquo;une entreprise qui valorise le bien-\u00eatre de la communaut\u00e9 et qui comporte un programme de dons, nous vous invitons \u00e0 communiquer avec le CEM au 514-487-1311. <\/p>\n\n\n\n<p>De nombreuses entreprises organisent un programme de dons des employ\u00e9s o\u00f9 une partie des fonds est d\u00e9di\u00e9e aux organismes communautaires. Pour participer \u00e0 un tel programme, consultez le service des ressources humaines de votre entreprise. Si votre entreprise n&rsquo;offre pas de programme de dons, pensez \u00e0 lui en faire la suggestion.<\/p>\n\n\n\n<div style=\"height:20px\" aria-hidden=\"true\" class=\"wp-block-spacer\"><\/div>\n","protected":false},"excerpt":{"rendered":"<p>CANADAHELPS.ORG CanaDon.org est un organisme sans but lucratif qui assure la protection de vos renseignements personnels et la s\u00e9curit\u00e9 de vos transactions. &nbsp;Cet organisme s&rsquo;occupe de recevoir les dons par Internet pour des milliers d&rsquo;organismes de bienfaisance canadiens. Sa grande taille lui permet de n\u00e9gocier des taux pr\u00e9f\u00e9rentiels aupr\u00e8s des banques et des entreprises de &#8230; <a title=\"Dons\" class=\"read-more\" href=\"https:\/\/emcmtl.org\/fr\/dons\/\" aria-label=\"En savoir plus sur Dons\">Lire la suite<\/a><\/p>\n","protected":false},"author":1,"featured_media":0,"parent":0,"menu_order":7,"comment_status":"closed","ping_status":"closed","template":"","meta":{"_coblocks_attr":"","_coblocks_dimensions":"","_coblocks_responsive_height":"","_coblocks_accordion_ie_support":"","footnotes":""},"class_list":["post-423","page","type-page","status-publish"],"yoast_head":"<!-- This site is optimized with the Yoast SEO plugin v27.5 - https:\/\/yoast.com\/product\/yoast-seo-wordpress\/ -->\n<title>Dons - Eva Marsden Centre<\/title>\n<meta name=\"robots\" content=\"index, follow, max-snippet:-1, max-image-preview:large, max-video-preview:-1\" \/>\n<link rel=\"canonical\" href=\"https:\/\/emcmtl.org\/donate\/\" \/>\n<meta property=\"og:locale\" content=\"fr_FR\" \/>\n<meta property=\"og:type\" content=\"article\" \/>\n<meta property=\"og:title\" content=\"Dons - Eva Marsden Centre\" \/>\n<meta property=\"og:description\" content=\"CANADAHELPS.ORG CanaDon.org est un organisme sans but lucratif qui assure la protection de vos renseignements personnels et la s\u00e9curit\u00e9 de vos transactions. &nbsp;Cet organisme s&rsquo;occupe de recevoir les dons par Internet pour des milliers d&rsquo;organismes de bienfaisance canadiens. Sa grande taille lui permet de n\u00e9gocier des taux pr\u00e9f\u00e9rentiels aupr\u00e8s des banques et des entreprises de ... Lire la suite\" \/>\n<meta property=\"og:url\" content=\"https:\/\/emcmtl.org\/donate\/\" \/>\n<meta property=\"og:site_name\" content=\"Eva Marsden Centre\" \/>\n<meta property=\"article:modified_time\" content=\"2023-10-05T19:12:09+00:00\" \/>\n<meta property=\"og:image\" content=\"https:\/\/emcmtl.org\/wp-content\/uploads\/2022\/04\/pexels-alena-darmel-7322111-scaled.jpg\" \/>\n\t<meta property=\"og:image:width\" content=\"1707\" \/>\n\t<meta property=\"og:image:height\" content=\"2560\" \/>\n\t<meta property=\"og:image:type\" content=\"image\/jpeg\" \/>\n<meta name=\"twitter:card\" content=\"summary_large_image\" \/>\n<meta name=\"twitter:label1\" content=\"Dur\u00e9e de lecture estim\u00e9e\" \/>\n\t<meta name=\"twitter:data1\" content=\"1 minute\" \/>\n<script type=\"application\/ld+json\" class=\"yoast-schema-graph\">{\"@context\":\"https:\\\/\\\/schema.org\",\"@graph\":[{\"@type\":\"WebPage\",\"@id\":\"https:\\\/\\\/emcmtl.org\\\/donate\\\/\",\"url\":\"https:\\\/\\\/emcmtl.org\\\/donate\\\/\",\"name\":\"Dons - Eva Marsden Centre\",\"isPartOf\":{\"@id\":\"https:\\\/\\\/emcmtl.org\\\/#website\"},\"primaryImageOfPage\":{\"@id\":\"https:\\\/\\\/emcmtl.org\\\/donate\\\/#primaryimage\"},\"image\":{\"@id\":\"https:\\\/\\\/emcmtl.org\\\/donate\\\/#primaryimage\"},\"thumbnailUrl\":\"https:\\\/\\\/emcmtl.org\\\/wp-content\\\/uploads\\\/2022\\\/04\\\/pexels-alena-darmel-7322111-scaled.jpg\",\"datePublished\":\"2022-04-01T20:50:32+00:00\",\"dateModified\":\"2023-10-05T19:12:09+00:00\",\"breadcrumb\":{\"@id\":\"https:\\\/\\\/emcmtl.org\\\/donate\\\/#breadcrumb\"},\"inLanguage\":\"fr-FR\",\"potentialAction\":[{\"@type\":\"ReadAction\",\"target\":[\"https:\\\/\\\/emcmtl.org\\\/donate\\\/\"]}]},{\"@type\":\"ImageObject\",\"inLanguage\":\"fr-FR\",\"@id\":\"https:\\\/\\\/emcmtl.org\\\/donate\\\/#primaryimage\",\"url\":\"https:\\\/\\\/emcmtl.org\\\/wp-content\\\/uploads\\\/2022\\\/04\\\/pexels-alena-darmel-7322111-scaled.jpg\",\"contentUrl\":\"https:\\\/\\\/emcmtl.org\\\/wp-content\\\/uploads\\\/2022\\\/04\\\/pexels-alena-darmel-7322111-scaled.jpg\"},{\"@type\":\"BreadcrumbList\",\"@id\":\"https:\\\/\\\/emcmtl.org\\\/donate\\\/#breadcrumb\",\"itemListElement\":[{\"@type\":\"ListItem\",\"position\":1,\"name\":\"Home\",\"item\":\"https:\\\/\\\/emcmtl.org\\\/fr\\\/\"},{\"@type\":\"ListItem\",\"position\":2,\"name\":\"Dons\"}]},{\"@type\":\"WebSite\",\"@id\":\"https:\\\/\\\/emcmtl.org\\\/#website\",\"url\":\"https:\\\/\\\/emcmtl.org\\\/\",\"name\":\"Eva Marsden Centre\",\"description\":\"Eva Marsden Centre for Social Justice and Aging\",\"publisher\":{\"@id\":\"https:\\\/\\\/emcmtl.org\\\/#organization\"},\"potentialAction\":[{\"@type\":\"SearchAction\",\"target\":{\"@type\":\"EntryPoint\",\"urlTemplate\":\"https:\\\/\\\/emcmtl.org\\\/?s={search_term_string}\"},\"query-input\":{\"@type\":\"PropertyValueSpecification\",\"valueRequired\":true,\"valueName\":\"search_term_string\"}}],\"inLanguage\":\"fr-FR\"},{\"@type\":\"Organization\",\"@id\":\"https:\\\/\\\/emcmtl.org\\\/#organization\",\"name\":\"Eva Marsden Centre\",\"url\":\"https:\\\/\\\/emcmtl.org\\\/\",\"logo\":{\"@type\":\"ImageObject\",\"inLanguage\":\"fr-FR\",\"@id\":\"https:\\\/\\\/emcmtl.org\\\/#\\\/schema\\\/logo\\\/image\\\/\",\"url\":\"https:\\\/\\\/emcmtl.org\\\/wp-content\\\/uploads\\\/2022\\\/04\\\/CentreEvaMarsdenLogoRBG3x1in.jpg\",\"contentUrl\":\"https:\\\/\\\/emcmtl.org\\\/wp-content\\\/uploads\\\/2022\\\/04\\\/CentreEvaMarsdenLogoRBG3x1in.jpg\",\"width\":950,\"height\":300,\"caption\":\"Eva Marsden Centre\"},\"image\":{\"@id\":\"https:\\\/\\\/emcmtl.org\\\/#\\\/schema\\\/logo\\\/image\\\/\"}}]}<\/script>\n<!-- \/ Yoast SEO plugin. -->","yoast_head_json":{"title":"Dons - Eva Marsden Centre","robots":{"index":"index","follow":"follow","max-snippet":"max-snippet:-1","max-image-preview":"max-image-preview:large","max-video-preview":"max-video-preview:-1"},"canonical":"https:\/\/emcmtl.org\/donate\/","og_locale":"fr_FR","og_type":"article","og_title":"Dons - Eva Marsden Centre","og_description":"CANADAHELPS.ORG CanaDon.org est un organisme sans but lucratif qui assure la protection de vos renseignements personnels et la s\u00e9curit\u00e9 de vos transactions. &nbsp;Cet organisme s&rsquo;occupe de recevoir les dons par Internet pour des milliers d&rsquo;organismes de bienfaisance canadiens. Sa grande taille lui permet de n\u00e9gocier des taux pr\u00e9f\u00e9rentiels aupr\u00e8s des banques et des entreprises de ... Lire la suite","og_url":"https:\/\/emcmtl.org\/donate\/","og_site_name":"Eva Marsden Centre","article_modified_time":"2023-10-05T19:12:09+00:00","og_image":[{"width":1707,"height":2560,"url":"https:\/\/emcmtl.org\/wp-content\/uploads\/2022\/04\/pexels-alena-darmel-7322111-scaled.jpg","type":"image\/jpeg"}],"twitter_card":"summary_large_image","twitter_misc":{"Dur\u00e9e de lecture estim\u00e9e":"1 minute"},"schema":{"@context":"https:\/\/schema.org","@graph":[{"@type":"WebPage","@id":"https:\/\/emcmtl.org\/donate\/","url":"https:\/\/emcmtl.org\/donate\/","name":"Dons - Eva Marsden Centre","isPartOf":{"@id":"https:\/\/emcmtl.org\/#website"},"primaryImageOfPage":{"@id":"https:\/\/emcmtl.org\/donate\/#primaryimage"},"image":{"@id":"https:\/\/emcmtl.org\/donate\/#primaryimage"},"thumbnailUrl":"https:\/\/emcmtl.org\/wp-content\/uploads\/2022\/04\/pexels-alena-darmel-7322111-scaled.jpg","datePublished":"2022-04-01T20:50:32+00:00","dateModified":"2023-10-05T19:12:09+00:00","breadcrumb":{"@id":"https:\/\/emcmtl.org\/donate\/#breadcrumb"},"inLanguage":"fr-FR","potentialAction":[{"@type":"ReadAction","target":["https:\/\/emcmtl.org\/donate\/"]}]},{"@type":"ImageObject","inLanguage":"fr-FR","@id":"https:\/\/emcmtl.org\/donate\/#primaryimage","url":"https:\/\/emcmtl.org\/wp-content\/uploads\/2022\/04\/pexels-alena-darmel-7322111-scaled.jpg","contentUrl":"https:\/\/emcmtl.org\/wp-content\/uploads\/2022\/04\/pexels-alena-darmel-7322111-scaled.jpg"},{"@type":"BreadcrumbList","@id":"https:\/\/emcmtl.org\/donate\/#breadcrumb","itemListElement":[{"@type":"ListItem","position":1,"name":"Home","item":"https:\/\/emcmtl.org\/fr\/"},{"@type":"ListItem","position":2,"name":"Dons"}]},{"@type":"WebSite","@id":"https:\/\/emcmtl.org\/#website","url":"https:\/\/emcmtl.org\/","name":"Eva Marsden Centre","description":"Eva Marsden Centre for Social Justice and Aging","publisher":{"@id":"https:\/\/emcmtl.org\/#organization"},"potentialAction":[{"@type":"SearchAction","target":{"@type":"EntryPoint","urlTemplate":"https:\/\/emcmtl.org\/?s={search_term_string}"},"query-input":{"@type":"PropertyValueSpecification","valueRequired":true,"valueName":"search_term_string"}}],"inLanguage":"fr-FR"},{"@type":"Organization","@id":"https:\/\/emcmtl.org\/#organization","name":"Eva Marsden Centre","url":"https:\/\/emcmtl.org\/","logo":{"@type":"ImageObject","inLanguage":"fr-FR","@id":"https:\/\/emcmtl.org\/#\/schema\/logo\/image\/","url":"https:\/\/emcmtl.org\/wp-content\/uploads\/2022\/04\/CentreEvaMarsdenLogoRBG3x1in.jpg","contentUrl":"https:\/\/emcmtl.org\/wp-content\/uploads\/2022\/04\/CentreEvaMarsdenLogoRBG3x1in.jpg","width":950,"height":300,"caption":"Eva Marsden Centre"},"image":{"@id":"https:\/\/emcmtl.org\/#\/schema\/logo\/image\/"}}]}},"_links":{"self":[{"href":"https:\/\/emcmtl.org\/fr\/wp-json\/wp\/v2\/pages\/423","targetHints":{"allow":["GET"]}}],"collection":[{"href":"https:\/\/emcmtl.org\/fr\/wp-json\/wp\/v2\/pages"}],"about":[{"href":"https:\/\/emcmtl.org\/fr\/wp-json\/wp\/v2\/types\/page"}],"author":[{"embeddable":true,"href":"https:\/\/emcmtl.org\/fr\/wp-json\/wp\/v2\/users\/1"}],"replies":[{"embeddable":true,"href":"https:\/\/emcmtl.org\/fr\/wp-json\/wp\/v2\/comments?post=423"}],"version-history":[{"count":3,"href":"https:\/\/emcmtl.org\/fr\/wp-json\/wp\/v2\/pages\/423\/revisions"}],"predecessor-version":[{"id":693,"href":"https:\/\/emcmtl.org\/fr\/wp-json\/wp\/v2\/pages\/423\/revisions\/693"}],"wp:attachment":[{"href":"https:\/\/emcmtl.org\/fr\/wp-json\/wp\/v2\/media?parent=423"}],"curies":[{"name":"wp","href":"https:\/\/api.w.org\/{rel}","templated":true}]}}