{"id":425,"date":"2022-04-01T20:50:32","date_gmt":"2022-04-02T00:50:32","guid":{"rendered":"https:\/\/emcmtl.org\/mission-et-valeurs\/"},"modified":"2024-09-17T13:11:38","modified_gmt":"2024-09-17T17:11:38","slug":"mission-et-valeurs","status":"publish","type":"page","link":"https:\/\/emcmtl.org\/fr\/mission-et-valeurs\/","title":{"rendered":"Mission et valeurs"},"content":{"rendered":"\n<div class=\"wp-block-cover is-light is-style-default\" style=\"min-height:300px;aspect-ratio:unset;\"><span aria-hidden=\"true\" class=\"wp-block-cover__background has-background-dim\"><\/span><img fetchpriority=\"high\" decoding=\"async\" width=\"2560\" height=\"1707\" class=\"wp-block-cover__image-background wp-image-51\" alt=\"\" src=\"https:\/\/emcmtl.org\/wp-content\/uploads\/2022\/04\/crop-0-0-2560-1707-0-pexels-andrea-piacquadio-3823488-scaled.jpg\" style=\"object-position:48% 33%\" data-object-fit=\"cover\" data-object-position=\"48% 33%\" srcset=\"https:\/\/emcmtl.org\/wp-content\/uploads\/2022\/04\/crop-0-0-2560-1707-0-pexels-andrea-piacquadio-3823488-scaled.jpg 2560w, https:\/\/emcmtl.org\/wp-content\/uploads\/2022\/04\/crop-0-0-2560-1707-0-pexels-andrea-piacquadio-3823488-scaled-300x200.jpg 300w, https:\/\/emcmtl.org\/wp-content\/uploads\/2022\/04\/crop-0-0-2560-1707-0-pexels-andrea-piacquadio-3823488-scaled-1024x683.jpg 1024w, https:\/\/emcmtl.org\/wp-content\/uploads\/2022\/04\/crop-0-0-2560-1707-0-pexels-andrea-piacquadio-3823488-scaled-768x512.jpg 768w, https:\/\/emcmtl.org\/wp-content\/uploads\/2022\/04\/crop-0-0-2560-1707-0-pexels-andrea-piacquadio-3823488-scaled-1536x1024.jpg 1536w, https:\/\/emcmtl.org\/wp-content\/uploads\/2022\/04\/crop-0-0-2560-1707-0-pexels-andrea-piacquadio-3823488-scaled-2048x1366.jpg 2048w\" sizes=\"(max-width: 2560px) 100vw, 2560px\" \/><div class=\"wp-block-cover__inner-container is-layout-flow wp-block-cover-is-layout-flow\">\n<p class=\"has-text-align-center has-large-font-size has-custom-weight mt-0 pt-0\" style=\"font-weight:bold\">Mission et valeurs du CEM<\/p>\n<\/div><\/div>\n\n\n\n<h2 class=\"wp-block-heading\">Mission<\/h2>\n\n\n\n<p class=\"wp-block-coblocks-highlight\" style=\"font-size:24px\"><mark class=\"wp-block-coblocks-highlight__content\">Le CEM \u0153uvre \u00e0 habiliter les personnes et \u00e0 leur donner les moyens de s&rsquo;\u00e9manciper selon leurs capacit\u00e9s individuelles.&nbsp; Ses politiques et ses pratiques sont le reflet d&rsquo;une structure organisationnelle organique dont les forces sont la souplesse et la mise \u00e0 profit des ressources.<\/mark><\/p>\n\n\n\n<div class=\"wp-block-columns is-layout-flex wp-container-core-columns-is-layout-9d6595d7 wp-block-columns-is-layout-flex\">\n<div class=\"wp-block-column is-layout-flow wp-block-column-is-layout-flow\">\n<h2 class=\"wp-block-heading\">Vision<\/h2>\n\n\n\n<p>Le CEM est un organisme d\u00e9di\u00e9 au respect, \u00e0 la valorisation et au renforcement de l&rsquo;autonomie des personnes a\u00een\u00e9es.<\/p>\n\n\n\n<p>Le CEM pr\u00e9conise une formule novatrice de prestation de services en \u0153uvrant \u00e0 faire valoir la dignit\u00e9 et la valeur des personnes dans leur int\u00e9grit\u00e9 \u2013 corps, intellect et esprit \u2013 en accomplissant notre mission avec sensibilit\u00e9 et humanisme. Le CEM travaille en partenariat avec des agences gouvernementales et des organismes communautaires, tout en prot\u00e9geant son int\u00e9grit\u00e9 et son autonomie organisationnelle.  <\/p>\n<\/div>\n\n\n\n<div class=\"wp-block-column is-layout-flow wp-block-column-is-layout-flow\">\n<h2 class=\"wp-block-heading\">Valeurs<\/h2>\n\n\n\n<p>Le CEM \u0153uvre \u00e0 habiliter les personnes et \u00e0 leur donner les moyens de s&rsquo;\u00e9manciper selon leurs capacit\u00e9s individuelles. Ses politiques et ses pratiques sont le reflet d&rsquo;une structure organisationnelle organique dont les forces sont la souplesse et la mise \u00e0 profit des ressources. <\/p>\n\n\n\n<p>Le CEM est guid\u00e9 par les valeurs suivantes :<\/p>\n\n\n\n<ul class=\"wp-block-list is-style-default\">\n<li><strong>Compassion<\/strong> : Empathie ; se soucier des autres \u00a0<\/li>\n\n\n\n<li><strong>Int\u00e9grit\u00e9<\/strong> : Honn\u00eatet\u00e9 ; adh\u00e9rer \u00e0 des principes moraux solides \u00a0<\/li>\n\n\n\n<li><strong>\u00c9quit\u00e9<\/strong> : Justice ; reconna\u00eetre que nous ne venons pas tous des m\u00eames circonstances \u00a0<\/li>\n\n\n\n<li><strong>Inclusion<\/strong> : Accueil ; ouvert \u00e0 tous\u00a0\u00a0<\/li>\n<\/ul>\n<\/div>\n<\/div>\n","protected":false},"excerpt":{"rendered":"<p>Mission Vision Le CEM est un organisme d\u00e9di\u00e9 au respect, \u00e0 la valorisation et au renforcement de l&rsquo;autonomie des personnes a\u00een\u00e9es. Le CEM pr\u00e9conise une formule novatrice de prestation de services en \u0153uvrant \u00e0 faire valoir la dignit\u00e9 et la valeur des personnes dans leur int\u00e9grit\u00e9 \u2013 corps, intellect et esprit \u2013 en accomplissant notre &#8230; <a title=\"Mission et valeurs\" class=\"read-more\" href=\"https:\/\/emcmtl.org\/fr\/mission-et-valeurs\/\" aria-label=\"En savoir plus sur Mission et valeurs\">Lire la suite<\/a><\/p>\n","protected":false},"author":1,"featured_media":0,"parent":0,"menu_order":1,"comment_status":"closed","ping_status":"closed","template":"","meta":{"_coblocks_attr":"","_coblocks_dimensions":"","_coblocks_responsive_height":"","_coblocks_accordion_ie_support":"","footnotes":""},"class_list":["post-425","page","type-page","status-publish"],"yoast_head":"<!-- This site is optimized with the Yoast SEO plugin v27.5 - https:\/\/yoast.com\/product\/yoast-seo-wordpress\/ -->\n<title>Mission et valeurs - Eva Marsden Centre<\/title>\n<meta name=\"robots\" content=\"index, follow, max-snippet:-1, max-image-preview:large, max-video-preview:-1\" \/>\n<link rel=\"canonical\" href=\"https:\/\/emcmtl.org\/mission-and-values\/\" \/>\n<meta property=\"og:locale\" content=\"fr_FR\" \/>\n<meta property=\"og:type\" content=\"article\" \/>\n<meta property=\"og:title\" content=\"Mission et valeurs - Eva Marsden Centre\" \/>\n<meta property=\"og:description\" content=\"Mission Vision Le CEM est un organisme d\u00e9di\u00e9 au respect, \u00e0 la valorisation et au renforcement de l&rsquo;autonomie des personnes a\u00een\u00e9es. Le CEM pr\u00e9conise une formule novatrice de prestation de services en \u0153uvrant \u00e0 faire valoir la dignit\u00e9 et la valeur des personnes dans leur int\u00e9grit\u00e9 \u2013 corps, intellect et esprit \u2013 en accomplissant notre ... Lire la suite\" \/>\n<meta property=\"og:url\" content=\"https:\/\/emcmtl.org\/mission-and-values\/\" \/>\n<meta property=\"og:site_name\" content=\"Eva Marsden Centre\" \/>\n<meta property=\"article:modified_time\" content=\"2024-09-17T17:11:38+00:00\" \/>\n<meta property=\"og:image\" content=\"https:\/\/emcmtl.org\/wp-content\/uploads\/2022\/04\/crop-0-0-2560-1707-0-pexels-andrea-piacquadio-3823488-scaled.jpg\" \/>\n\t<meta property=\"og:image:width\" content=\"2560\" \/>\n\t<meta property=\"og:image:height\" content=\"1707\" \/>\n\t<meta property=\"og:image:type\" content=\"image\/jpeg\" \/>\n<meta name=\"twitter:card\" content=\"summary_large_image\" \/>\n<meta name=\"twitter:label1\" content=\"Dur\u00e9e de lecture estim\u00e9e\" \/>\n\t<meta name=\"twitter:data1\" content=\"1 minute\" \/>\n<script type=\"application\/ld+json\" class=\"yoast-schema-graph\">{\"@context\":\"https:\\\/\\\/schema.org\",\"@graph\":[{\"@type\":\"WebPage\",\"@id\":\"https:\\\/\\\/emcmtl.org\\\/mission-and-values\\\/\",\"url\":\"https:\\\/\\\/emcmtl.org\\\/mission-and-values\\\/\",\"name\":\"Mission et valeurs - Eva Marsden Centre\",\"isPartOf\":{\"@id\":\"https:\\\/\\\/emcmtl.org\\\/#website\"},\"primaryImageOfPage\":{\"@id\":\"https:\\\/\\\/emcmtl.org\\\/mission-and-values\\\/#primaryimage\"},\"image\":{\"@id\":\"https:\\\/\\\/emcmtl.org\\\/mission-and-values\\\/#primaryimage\"},\"thumbnailUrl\":\"https:\\\/\\\/emcmtl.org\\\/wp-content\\\/uploads\\\/2022\\\/04\\\/crop-0-0-2560-1707-0-pexels-andrea-piacquadio-3823488-scaled.jpg\",\"datePublished\":\"2022-04-02T00:50:32+00:00\",\"dateModified\":\"2024-09-17T17:11:38+00:00\",\"breadcrumb\":{\"@id\":\"https:\\\/\\\/emcmtl.org\\\/mission-and-values\\\/#breadcrumb\"},\"inLanguage\":\"fr-FR\",\"potentialAction\":[{\"@type\":\"ReadAction\",\"target\":[\"https:\\\/\\\/emcmtl.org\\\/mission-and-values\\\/\"]}]},{\"@type\":\"ImageObject\",\"inLanguage\":\"fr-FR\",\"@id\":\"https:\\\/\\\/emcmtl.org\\\/mission-and-values\\\/#primaryimage\",\"url\":\"https:\\\/\\\/emcmtl.org\\\/wp-content\\\/uploads\\\/2022\\\/04\\\/crop-0-0-2560-1707-0-pexels-andrea-piacquadio-3823488-scaled.jpg\",\"contentUrl\":\"https:\\\/\\\/emcmtl.org\\\/wp-content\\\/uploads\\\/2022\\\/04\\\/crop-0-0-2560-1707-0-pexels-andrea-piacquadio-3823488-scaled.jpg\"},{\"@type\":\"BreadcrumbList\",\"@id\":\"https:\\\/\\\/emcmtl.org\\\/mission-and-values\\\/#breadcrumb\",\"itemListElement\":[{\"@type\":\"ListItem\",\"position\":1,\"name\":\"Home\",\"item\":\"https:\\\/\\\/emcmtl.org\\\/fr\\\/\"},{\"@type\":\"ListItem\",\"position\":2,\"name\":\"Mission et valeurs\"}]},{\"@type\":\"WebSite\",\"@id\":\"https:\\\/\\\/emcmtl.org\\\/#website\",\"url\":\"https:\\\/\\\/emcmtl.org\\\/\",\"name\":\"Eva Marsden Centre\",\"description\":\"Eva Marsden Centre for Social Justice and Aging\",\"publisher\":{\"@id\":\"https:\\\/\\\/emcmtl.org\\\/#organization\"},\"potentialAction\":[{\"@type\":\"SearchAction\",\"target\":{\"@type\":\"EntryPoint\",\"urlTemplate\":\"https:\\\/\\\/emcmtl.org\\\/?s={search_term_string}\"},\"query-input\":{\"@type\":\"PropertyValueSpecification\",\"valueRequired\":true,\"valueName\":\"search_term_string\"}}],\"inLanguage\":\"fr-FR\"},{\"@type\":\"Organization\",\"@id\":\"https:\\\/\\\/emcmtl.org\\\/#organization\",\"name\":\"Eva Marsden Centre\",\"url\":\"https:\\\/\\\/emcmtl.org\\\/\",\"logo\":{\"@type\":\"ImageObject\",\"inLanguage\":\"fr-FR\",\"@id\":\"https:\\\/\\\/emcmtl.org\\\/#\\\/schema\\\/logo\\\/image\\\/\",\"url\":\"https:\\\/\\\/emcmtl.org\\\/wp-content\\\/uploads\\\/2022\\\/04\\\/CentreEvaMarsdenLogoRBG3x1in.jpg\",\"contentUrl\":\"https:\\\/\\\/emcmtl.org\\\/wp-content\\\/uploads\\\/2022\\\/04\\\/CentreEvaMarsdenLogoRBG3x1in.jpg\",\"width\":950,\"height\":300,\"caption\":\"Eva Marsden Centre\"},\"image\":{\"@id\":\"https:\\\/\\\/emcmtl.org\\\/#\\\/schema\\\/logo\\\/image\\\/\"}}]}<\/script>\n<!-- \/ Yoast SEO plugin. -->","yoast_head_json":{"title":"Mission et valeurs - Eva Marsden Centre","robots":{"index":"index","follow":"follow","max-snippet":"max-snippet:-1","max-image-preview":"max-image-preview:large","max-video-preview":"max-video-preview:-1"},"canonical":"https:\/\/emcmtl.org\/mission-and-values\/","og_locale":"fr_FR","og_type":"article","og_title":"Mission et valeurs - Eva Marsden Centre","og_description":"Mission Vision Le CEM est un organisme d\u00e9di\u00e9 au respect, \u00e0 la valorisation et au renforcement de l&rsquo;autonomie des personnes a\u00een\u00e9es. Le CEM pr\u00e9conise une formule novatrice de prestation de services en \u0153uvrant \u00e0 faire valoir la dignit\u00e9 et la valeur des personnes dans leur int\u00e9grit\u00e9 \u2013 corps, intellect et esprit \u2013 en accomplissant notre ... Lire la suite","og_url":"https:\/\/emcmtl.org\/mission-and-values\/","og_site_name":"Eva Marsden Centre","article_modified_time":"2024-09-17T17:11:38+00:00","og_image":[{"width":2560,"height":1707,"url":"https:\/\/emcmtl.org\/wp-content\/uploads\/2022\/04\/crop-0-0-2560-1707-0-pexels-andrea-piacquadio-3823488-scaled.jpg","type":"image\/jpeg"}],"twitter_card":"summary_large_image","twitter_misc":{"Dur\u00e9e de lecture estim\u00e9e":"1 minute"},"schema":{"@context":"https:\/\/schema.org","@graph":[{"@type":"WebPage","@id":"https:\/\/emcmtl.org\/mission-and-values\/","url":"https:\/\/emcmtl.org\/mission-and-values\/","name":"Mission et valeurs - Eva Marsden Centre","isPartOf":{"@id":"https:\/\/emcmtl.org\/#website"},"primaryImageOfPage":{"@id":"https:\/\/emcmtl.org\/mission-and-values\/#primaryimage"},"image":{"@id":"https:\/\/emcmtl.org\/mission-and-values\/#primaryimage"},"thumbnailUrl":"https:\/\/emcmtl.org\/wp-content\/uploads\/2022\/04\/crop-0-0-2560-1707-0-pexels-andrea-piacquadio-3823488-scaled.jpg","datePublished":"2022-04-02T00:50:32+00:00","dateModified":"2024-09-17T17:11:38+00:00","breadcrumb":{"@id":"https:\/\/emcmtl.org\/mission-and-values\/#breadcrumb"},"inLanguage":"fr-FR","potentialAction":[{"@type":"ReadAction","target":["https:\/\/emcmtl.org\/mission-and-values\/"]}]},{"@type":"ImageObject","inLanguage":"fr-FR","@id":"https:\/\/emcmtl.org\/mission-and-values\/#primaryimage","url":"https:\/\/emcmtl.org\/wp-content\/uploads\/2022\/04\/crop-0-0-2560-1707-0-pexels-andrea-piacquadio-3823488-scaled.jpg","contentUrl":"https:\/\/emcmtl.org\/wp-content\/uploads\/2022\/04\/crop-0-0-2560-1707-0-pexels-andrea-piacquadio-3823488-scaled.jpg"},{"@type":"BreadcrumbList","@id":"https:\/\/emcmtl.org\/mission-and-values\/#breadcrumb","itemListElement":[{"@type":"ListItem","position":1,"name":"Home","item":"https:\/\/emcmtl.org\/fr\/"},{"@type":"ListItem","position":2,"name":"Mission et valeurs"}]},{"@type":"WebSite","@id":"https:\/\/emcmtl.org\/#website","url":"https:\/\/emcmtl.org\/","name":"Eva Marsden Centre","description":"Eva Marsden Centre for Social Justice and Aging","publisher":{"@id":"https:\/\/emcmtl.org\/#organization"},"potentialAction":[{"@type":"SearchAction","target":{"@type":"EntryPoint","urlTemplate":"https:\/\/emcmtl.org\/?s={search_term_string}"},"query-input":{"@type":"PropertyValueSpecification","valueRequired":true,"valueName":"search_term_string"}}],"inLanguage":"fr-FR"},{"@type":"Organization","@id":"https:\/\/emcmtl.org\/#organization","name":"Eva Marsden Centre","url":"https:\/\/emcmtl.org\/","logo":{"@type":"ImageObject","inLanguage":"fr-FR","@id":"https:\/\/emcmtl.org\/#\/schema\/logo\/image\/","url":"https:\/\/emcmtl.org\/wp-content\/uploads\/2022\/04\/CentreEvaMarsdenLogoRBG3x1in.jpg","contentUrl":"https:\/\/emcmtl.org\/wp-content\/uploads\/2022\/04\/CentreEvaMarsdenLogoRBG3x1in.jpg","width":950,"height":300,"caption":"Eva Marsden Centre"},"image":{"@id":"https:\/\/emcmtl.org\/#\/schema\/logo\/image\/"}}]}},"_links":{"self":[{"href":"https:\/\/emcmtl.org\/fr\/wp-json\/wp\/v2\/pages\/425","targetHints":{"allow":["GET"]}}],"collection":[{"href":"https:\/\/emcmtl.org\/fr\/wp-json\/wp\/v2\/pages"}],"about":[{"href":"https:\/\/emcmtl.org\/fr\/wp-json\/wp\/v2\/types\/page"}],"author":[{"embeddable":true,"href":"https:\/\/emcmtl.org\/fr\/wp-json\/wp\/v2\/users\/1"}],"replies":[{"embeddable":true,"href":"https:\/\/emcmtl.org\/fr\/wp-json\/wp\/v2\/comments?post=425"}],"version-history":[{"count":2,"href":"https:\/\/emcmtl.org\/fr\/wp-json\/wp\/v2\/pages\/425\/revisions"}],"predecessor-version":[{"id":948,"href":"https:\/\/emcmtl.org\/fr\/wp-json\/wp\/v2\/pages\/425\/revisions\/948"}],"wp:attachment":[{"href":"https:\/\/emcmtl.org\/fr\/wp-json\/wp\/v2\/media?parent=425"}],"curies":[{"name":"wp","href":"https:\/\/api.w.org\/{rel}","templated":true}]}}