{"id":427,"date":"2022-04-01T20:50:32","date_gmt":"2022-04-02T00:50:32","guid":{"rendered":"https:\/\/emcmtl.org\/nos-actions\/"},"modified":"2025-12-16T13:57:55","modified_gmt":"2025-12-16T18:57:55","slug":"nos-actions","status":"publish","type":"page","link":"https:\/\/emcmtl.org\/fr\/nos-actions\/","title":{"rendered":"Nos actions"},"content":{"rendered":"\n<div class=\"wp-block-cover is-light\" style=\"min-height:300px;aspect-ratio:unset;\"><img decoding=\"async\" class=\"wp-block-cover__image-background wp-image-500\" alt=\"What we do\" src=\"https:\/\/emcmtl.org\/wp-content\/uploads\/2022\/08\/what-we-do-banner-min.jpeg\" style=\"object-position:53% 21%\" data-object-fit=\"cover\" data-object-position=\"53% 21%\"\/><span aria-hidden=\"true\" class=\"wp-block-cover__background has-background-dim\"><\/span><div class=\"wp-block-cover__inner-container is-layout-flow wp-block-cover-is-layout-flow\">\n<p class=\"has-text-align-center has-base-3-color has-text-color has-large-font-size\">Nos actions<\/p>\n<\/div><\/div>\n\n\n\n<div class=\"wp-block-columns is-layout-flex wp-container-core-columns-is-layout-9d6595d7 wp-block-columns-is-layout-flex\">\n<div class=\"wp-block-column is-layout-flow wp-block-column-is-layout-flow\">\n<div aria-label=\"Collage Gallery\" class=\"wp-block-coblocks-gallery-collage alignwide is-style-tiled has-small-gutter\"><ul><li class=\"wp-block-coblocks-gallery-collage__item item-1\"><figure class=\"wp-block-coblocks-gallery-collage__figure\"><img loading=\"lazy\" decoding=\"async\" width=\"550\" height=\"290\" alt=\"\" class=\"wp-image-233\" data-id=\"233\" data-imglink=\"\" data-index=\"0\" data-link=\"https:\/\/emcmtl.org\/what-we-do\/korean-deligation-1\/#main\" src=\"https:\/\/emcmtl.org\/wp-content\/uploads\/2022\/04\/Korean-deligation-1.jpg\" srcset=\"https:\/\/emcmtl.org\/wp-content\/uploads\/2022\/04\/Korean-deligation-1.jpg 550w, https:\/\/emcmtl.org\/wp-content\/uploads\/2022\/04\/Korean-deligation-1-300x158.jpg 300w\" sizes=\"auto, (max-width: 550px) 100vw, 550px\" \/><\/figure><\/li><li class=\"wp-block-coblocks-gallery-collage__item item-2\"><figure class=\"wp-block-coblocks-gallery-collage__figure\"><img loading=\"lazy\" decoding=\"async\" width=\"1024\" height=\"1012\" alt=\"\" class=\"wp-image-235\" data-id=\"235\" data-imglink=\"\" data-index=\"1\" data-link=\"https:\/\/emcmtl.org\/what-we-do\/second-fam-intgen-ig\/#main\" src=\"https:\/\/emcmtl.org\/wp-content\/uploads\/2022\/04\/Second-Fam-IntGen-IG-1024x1012.jpg\" srcset=\"https:\/\/emcmtl.org\/wp-content\/uploads\/2022\/04\/Second-Fam-IntGen-IG-1024x1012.jpg 1024w, https:\/\/emcmtl.org\/wp-content\/uploads\/2022\/04\/Second-Fam-IntGen-IG-300x296.jpg 300w, https:\/\/emcmtl.org\/wp-content\/uploads\/2022\/04\/Second-Fam-IntGen-IG-768x759.jpg 768w, https:\/\/emcmtl.org\/wp-content\/uploads\/2022\/04\/Second-Fam-IntGen-IG.jpg 1250w\" sizes=\"auto, (max-width: 1024px) 100vw, 1024px\" \/><\/figure><\/li><li class=\"wp-block-coblocks-gallery-collage__item item-3\"><figure class=\"wp-block-coblocks-gallery-collage__figure\"><img loading=\"lazy\" decoding=\"async\" width=\"1024\" height=\"636\" alt=\"\" class=\"wp-image-232\" data-id=\"232\" data-imglink=\"\" data-index=\"2\" data-link=\"https:\/\/emcmtl.org\/what-we-do\/20220207_155341\/#main\" src=\"https:\/\/emcmtl.org\/wp-content\/uploads\/2022\/04\/20220207_155341-scaled-e1649386619259-1024x636.jpg\" srcset=\"https:\/\/emcmtl.org\/wp-content\/uploads\/2022\/04\/20220207_155341-scaled-e1649386619259-1024x636.jpg 1024w, https:\/\/emcmtl.org\/wp-content\/uploads\/2022\/04\/20220207_155341-scaled-e1649386619259-300x186.jpg 300w, https:\/\/emcmtl.org\/wp-content\/uploads\/2022\/04\/20220207_155341-scaled-e1649386619259-768x477.jpg 768w, https:\/\/emcmtl.org\/wp-content\/uploads\/2022\/04\/20220207_155341-scaled-e1649386619259-1536x955.jpg 1536w, https:\/\/emcmtl.org\/wp-content\/uploads\/2022\/04\/20220207_155341-scaled-e1649386619259-2048x1273.jpg 2048w\" sizes=\"auto, (max-width: 1024px) 100vw, 1024px\" \/><\/figure><\/li><li class=\"wp-block-coblocks-gallery-collage__item item-4\"><figure class=\"wp-block-coblocks-gallery-collage__figure\"><img loading=\"lazy\" decoding=\"async\" width=\"1024\" height=\"764\" alt=\"\" class=\"wp-image-234\" data-id=\"234\" data-imglink=\"\" data-index=\"3\" data-link=\"https:\/\/emcmtl.org\/what-we-do\/sassy-seniors-helen-and-laurie-2\/#main\" src=\"https:\/\/emcmtl.org\/wp-content\/uploads\/2022\/04\/Sassy-Seniors-helen-and-laurie-2-1024x764.jpg\" srcset=\"https:\/\/emcmtl.org\/wp-content\/uploads\/2022\/04\/Sassy-Seniors-helen-and-laurie-2-1024x764.jpg 1024w, https:\/\/emcmtl.org\/wp-content\/uploads\/2022\/04\/Sassy-Seniors-helen-and-laurie-2-300x224.jpg 300w, https:\/\/emcmtl.org\/wp-content\/uploads\/2022\/04\/Sassy-Seniors-helen-and-laurie-2-768x573.jpg 768w, https:\/\/emcmtl.org\/wp-content\/uploads\/2022\/04\/Sassy-Seniors-helen-and-laurie-2-1536x1146.jpg 1536w, https:\/\/emcmtl.org\/wp-content\/uploads\/2022\/04\/Sassy-Seniors-helen-and-laurie-2.jpg 1598w\" sizes=\"auto, (max-width: 1024px) 100vw, 1024px\" \/><\/figure><\/li><\/ul><\/div>\n<\/div>\n\n\n\n<div class=\"wp-block-column is-layout-flow wp-block-column-is-layout-flow\">\n<p class=\"wp-block-coblocks-highlight\" style=\"font-size:24px\"><mark class=\"wp-block-coblocks-highlight__content\">Le Centre Eva Marsden pour la justice sociale et le vieillissement s&rsquo;efforce d&rsquo;identifier et de traiter les causes sous-jacentes de la pauvret\u00e9 et de l&rsquo;exclusion sociale qui affectent les personnes \u00e2g\u00e9es.&nbsp; Nous travaillons avec tous les ordres de gouvernement et les \u00e9tablissements universitaires pour soutenir la recherche et l&rsquo;\u00e9laboration de politiques.<\/mark><\/p>\n\n\n\n<p class=\"wp-block-coblocks-highlight\" style=\"font-size:24px\"><mark class=\"wp-block-coblocks-highlight__content\">En collaboration avec de nombreuses organisations, EMC s&rsquo;implique dans le soutien d&rsquo;initiatives de justice sociale qui repr\u00e9sentent les v\u00e9ritables changements n\u00e9cessaires pour assurer le droit \u00e0 la dignit\u00e9, et non \u00e0 la charit\u00e9.<\/mark><\/p>\n\n\n\n<p class=\"wp-block-coblocks-highlight\" style=\"font-size:24px\"><mark class=\"wp-block-coblocks-highlight__content\">Lors de l\u2019\u00e9laboration de notre charte en 1975 sous le nom CAANDG, l\u2019organisme a pris la responsabilit\u00e9 de d\u00e9fendre les droits de la population vieillissante de mani\u00e8re plus \u00e9tendue. Le CEM continue de bonifier son r\u00f4le dans la collectivit\u00e9 dans les domaines de l\u2019\u00e9ducation, de la d\u00e9fense des droits et de l\u2019action collective. <\/mark><\/p>\n<\/div>\n<\/div>\n\n\n\n<h2 class=\"wp-block-heading\">T\u00e9moignage de Kathleen Weil, MNA<\/h2>\n\n\n\n<figure class=\"wp-block-video aligncenter\"><video height=\"240\" style=\"aspect-ratio: 426 \/ 240;\" width=\"426\" controls src=\"https:\/\/emcmtl.org\/wp-content\/uploads\/2022\/04\/174187826_736544320357856_3101406189617118923_n.mp4\"><\/video><\/figure>\n\n\n\n<div style=\"height:50px\" aria-hidden=\"true\" class=\"wp-block-spacer\"><\/div>\n\n\n\n<h3 class=\"wp-block-heading\">Rapports annuels<\/h3>\n\n\n\n<p><a href=\"https:\/\/emcmtl.org\/wp-content\/uploads\/2025\/12\/EvaMarsden_RA2024_2025_Web.pdf\" target=\"_blank\" rel=\"noreferrer noopener\"><strong>2024-2025<\/strong><\/a><\/p>\n\n\n\n<p><a href=\"https:\/\/emcmtl.org\/wp-content\/uploads\/2024\/06\/EvaMarsden_Rapport-Annuel-2023_2024.pdf\" target=\"_blank\" rel=\"noreferrer noopener\"><strong>2023-2024<\/strong><\/a><\/p>\n\n\n\n<p><strong><a rel=\"noreferrer noopener\" href=\"https:\/\/emcmtl.org\/wp-content\/uploads\/2022\/08\/EvaMarsden_rapportannuel2021-2022_web-version.pdf\" target=\"_blank\">2022-2023<\/a><\/strong><\/p>\n\n\n\n<p><strong><a href=\"https:\/\/emcmtl.org\/wp-content\/uploads\/2022\/08\/EvaMarsden_rapportannuel2021-2022_web-version.pdf\" target=\"_blank\" rel=\"noreferrer noopener\">2021-2022<\/a><\/strong><\/p>\n\n\n\n<p><a href=\"https:\/\/emcmtl.org\/wp-content\/uploads\/2022\/04\/NDGSCC_rapportannuel2020-2021.pdf\" target=\"_blank\" rel=\"noreferrer noopener\"><strong>2020-2021<\/strong><\/a><\/p>\n\n\n\n<p><a href=\"https:\/\/emcmtl.org\/wp-content\/uploads\/2022\/04\/NDGSCC_rapportannuel2019-2020_02-3.pdf\" target=\"_blank\" rel=\"noreferrer noopener\"><strong>2019-2020<\/strong><\/a><\/p>\n\n\n\n<div style=\"height:50px\" aria-hidden=\"true\" class=\"wp-block-spacer\"><\/div>\n\n\n\n<h3 class=\"wp-block-heading\">Infolettres<\/h3>\n\n\n\n<p><a href=\"https:\/\/emcmtl.org\/wp-content\/uploads\/2025\/04\/Spring-2025-newsletter-Eva-Marsden-EN.pdf\" target=\"_blank\" rel=\"noreferrer noopener\">Infolettre du printemps 2025 (le fran\u00e7ais suit)<\/a><\/p>\n\n\n\n<p><a href=\"https:\/\/emcmtl.org\/wp-content\/uploads\/2025\/02\/Fall-2024-newsletter-Eva-Marsden-FR-min.pdf\" target=\"_blank\" rel=\"noreferrer noopener\">Deuxi\u00e8me infolettre pour les soignants<\/a><\/p>\n\n\n\n<p><a href=\"https:\/\/emcmtl.org\/wp-content\/uploads\/2025\/02\/Fall-2024-newsletter-Eva-Marsden-FR-min.pdf\" target=\"_blank\" rel=\"noreferrer noopener\">Infolettre pour les soignants de l&rsquo;automne 2025<\/a><\/p>\n\n\n\n<div style=\"height:50px\" aria-hidden=\"true\" class=\"wp-block-spacer\"><\/div>\n","protected":false},"excerpt":{"rendered":"<p>T\u00e9moignage de Kathleen Weil, MNA Rapports annuels 2024-2025 2023-2024 2022-2023 2021-2022 2020-2021 2019-2020 Infolettres Infolettre du printemps 2025 (le fran\u00e7ais suit) Deuxi\u00e8me infolettre pour les soignants Infolettre pour les soignants de l&rsquo;automne 2025<\/p>\n","protected":false},"author":1,"featured_media":0,"parent":0,"menu_order":4,"comment_status":"closed","ping_status":"closed","template":"","meta":{"_coblocks_attr":"","_coblocks_dimensions":"","_coblocks_responsive_height":"","_coblocks_accordion_ie_support":"","footnotes":""},"class_list":["post-427","page","type-page","status-publish"],"_links":{"self":[{"href":"https:\/\/emcmtl.org\/fr\/wp-json\/wp\/v2\/pages\/427","targetHints":{"allow":["GET"]}}],"collection":[{"href":"https:\/\/emcmtl.org\/fr\/wp-json\/wp\/v2\/pages"}],"about":[{"href":"https:\/\/emcmtl.org\/fr\/wp-json\/wp\/v2\/types\/page"}],"author":[{"embeddable":true,"href":"https:\/\/emcmtl.org\/fr\/wp-json\/wp\/v2\/users\/1"}],"replies":[{"embeddable":true,"href":"https:\/\/emcmtl.org\/fr\/wp-json\/wp\/v2\/comments?post=427"}],"version-history":[{"count":24,"href":"https:\/\/emcmtl.org\/fr\/wp-json\/wp\/v2\/pages\/427\/revisions"}],"predecessor-version":[{"id":1416,"href":"https:\/\/emcmtl.org\/fr\/wp-json\/wp\/v2\/pages\/427\/revisions\/1416"}],"wp:attachment":[{"href":"https:\/\/emcmtl.org\/fr\/wp-json\/wp\/v2\/media?parent=427"}],"curies":[{"name":"wp","href":"https:\/\/api.w.org\/{rel}","templated":true}]}}