{"id":879,"date":"2024-09-05T13:44:01","date_gmt":"2024-09-05T17:44:01","guid":{"rendered":"https:\/\/emcmtl.org\/breach-of-personal-data\/"},"modified":"2024-09-05T13:50:19","modified_gmt":"2024-09-05T17:50:19","slug":"breach-of-personal-data","status":"publish","type":"page","link":"https:\/\/emcmtl.org\/fr\/privacy\/breach-of-personal-data\/","title":{"rendered":"Atteinte aux donn\u00e9es personnelles"},"content":{"rendered":"\n<h2 class=\"wp-block-heading\">Formulaire de rapport d&rsquo;incident \/ plainte individuelle<\/h2>\n\n\n\n<p>Centre Eva Marsden s&rsquo;engage \u00e0 prot\u00e9ger votre vie priv\u00e9e. Nous avons am\u00e9lior\u00e9 et mis \u00e0 jour notre politique de protection des donn\u00e9es personnelles et des informations, et avons examin\u00e9 nos pratiques.<\/p>\n\n\n\n<p>Ce formulaire doit \u00eatre utilis\u00e9 en cas de (soup\u00e7on de) violation de la confidentialit\u00e9.<\/p>\n\n\n\n<p>Ce formulaire sert \u00e0 rapporter des d\u00e9tails importants sur un \u00e9v\u00e9nement ayant entra\u00een\u00e9 une atteinte aux donn\u00e9es personnelles g\u00e9r\u00e9es par Centre Eva Marsden. Les informations utilis\u00e9es dans ce rapport seront utilis\u00e9es uniquement \u00e0 des fins d&rsquo;enregistrement pour la personne concern\u00e9e et suite \u00e0 une demande du gouvernement du Qu\u00e9bec.<\/p>\n\n\n\n<p>Nous vous r\u00e9pondrons dans un d\u00e9lai de 5&nbsp; jours ouvrables.<\/p>\n\n\n\n<div class=\"wp-block-contact-form-7-contact-form-selector\">\n<div class=\"wpcf7 no-js\" id=\"wpcf7-f876-o1\" lang=\"fr-FR\" dir=\"ltr\" data-wpcf7-id=\"876\">\n<div class=\"screen-reader-response\"><p role=\"status\" aria-live=\"polite\" aria-atomic=\"true\"><\/p> <ul><\/ul><\/div>\n<form action=\"\/fr\/wp-json\/wp\/v2\/pages\/879#wpcf7-f876-o1\" method=\"post\" class=\"wpcf7-form init\" aria-label=\"Formulaire de contact\" novalidate=\"novalidate\" data-status=\"init\">\n<fieldset class=\"hidden-fields-container\"><input type=\"hidden\" name=\"_wpcf7\" value=\"876\" \/><input type=\"hidden\" name=\"_wpcf7_version\" value=\"6.1.5\" \/><input type=\"hidden\" name=\"_wpcf7_locale\" value=\"fr_FR\" \/><input type=\"hidden\" name=\"_wpcf7_unit_tag\" value=\"wpcf7-f876-o1\" \/><input type=\"hidden\" name=\"_wpcf7_container_post\" value=\"0\" \/><input type=\"hidden\" name=\"_wpcf7_posted_data_hash\" value=\"\" \/>\n<\/fieldset>\n<p><span id=\"wpcf7-69ef7ef78b9b7-wrapper\" class=\"wpcf7-form-control-wrap website-wrap\" ><label for=\"wpcf7-69ef7ef78b9b7-field\" class=\"hp-message\">Please leave empty<\/label><input id=\"wpcf7-69ef7ef78b9b7-field\"  class=\"wpcf7-form-control wpcf7-text\" type=\"text\" name=\"website\" value=\"\" size=\"40\" tabindex=\"-1\" autocomplete=\"new-password\" \/><\/span><br \/>\n<label> Date du rapport<br \/>\n<span class=\"wpcf7-form-control-wrap\" data-name=\"DateofReport\"><input class=\"wpcf7-form-control wpcf7-date wpcf7-validates-as-required wpcf7-validates-as-date\" aria-required=\"true\" aria-invalid=\"false\" value=\"\" type=\"date\" name=\"DateofReport\" \/><\/span> <\/label><br \/>\n<hr \/><br \/>\n<strong>1. Personne impliqu\u00e9e dans ce rapport<\/strong>\n<\/p>\n<p><label> Nom complet<br \/>\n<span class=\"wpcf7-form-control-wrap\" data-name=\"full-name\"><input size=\"40\" maxlength=\"400\" class=\"wpcf7-form-control wpcf7-text wpcf7-validates-as-required\" autocomplete=\"name\" aria-required=\"true\" aria-invalid=\"false\" value=\"\" type=\"text\" name=\"full-name\" \/><\/span> <\/label>\n<\/p>\n<p><label> T\u00e9l\u00e9phone<br \/>\n<span class=\"wpcf7-form-control-wrap\" data-name=\"phone\"><input size=\"40\" maxlength=\"400\" class=\"wpcf7-form-control wpcf7-tel wpcf7-validates-as-required wpcf7-text wpcf7-validates-as-tel\" aria-required=\"true\" aria-invalid=\"false\" value=\"\" type=\"tel\" name=\"phone\" \/><\/span> <\/label>\n<\/p>\n<p><label> Courriel<br \/>\n<span class=\"wpcf7-form-control-wrap\" data-name=\"email\"><input size=\"40\" maxlength=\"400\" class=\"wpcf7-form-control wpcf7-email wpcf7-validates-as-required wpcf7-text wpcf7-validates-as-email\" autocomplete=\"email\" aria-required=\"true\" aria-invalid=\"false\" value=\"\" type=\"email\" name=\"email\" \/><\/span> <\/label>\n<\/p>\n<hr \/>\n<p><strong>2. L'incident<\/strong><br \/>\n<label> Date de l'incident<br \/>\n<span class=\"wpcf7-form-control-wrap\" data-name=\"DateofIncident\"><input class=\"wpcf7-form-control wpcf7-date wpcf7-validates-as-required wpcf7-validates-as-date\" aria-required=\"true\" aria-invalid=\"false\" value=\"\" type=\"date\" name=\"DateofIncident\" \/><\/span> <\/label>\n<\/p>\n<p><label> D\u00e9crivez comment l'incident a \u00e9t\u00e9 d\u00e9tect\u00e9<br \/>\n<span class=\"wpcf7-form-control-wrap\" data-name=\"incident-detection\"><textarea cols=\"40\" rows=\"10\" maxlength=\"2000\" class=\"wpcf7-form-control wpcf7-textarea wpcf7-validates-as-required\" aria-required=\"true\" aria-invalid=\"false\" name=\"incident-detection\"><\/textarea><\/span> <\/label>\n<\/p>\n<p><label> D\u00e9crivez l'incident (en d\u00e9tail) : (max 250 mots)<br \/>\n<span class=\"wpcf7-form-control-wrap\" data-name=\"incident\"><textarea cols=\"40\" rows=\"10\" maxlength=\"2000\" class=\"wpcf7-form-control wpcf7-textarea wpcf7-validates-as-required\" aria-required=\"true\" aria-invalid=\"false\" name=\"incident\"><\/textarea><\/span> <\/label>\n<\/p>\n<p><label> Quelque chose a-t-il \u00e9t\u00e9 impact\u00e9 de mani\u00e8re permanente par l'incident ?<br \/>\n<span class=\"wpcf7-form-control-wrap\" data-name=\"permanent-impact\"><span class=\"wpcf7-form-control wpcf7-checkbox wpcf7-validates-as-required wpcf7-exclusive-checkbox\"><span class=\"wpcf7-list-item first\"><input type=\"checkbox\" name=\"permanent-impact\" value=\"Oui\" \/><span class=\"wpcf7-list-item-label\">Oui<\/span><\/span><span class=\"wpcf7-list-item last\"><input type=\"checkbox\" name=\"permanent-impact\" value=\"Non\" \/><span class=\"wpcf7-list-item-label\">Non<\/span><\/span><\/span><\/span> <\/label>\n<\/p>\n<p><label> Si oui, d\u00e9crivez : (max 250 mots)<br \/>\n<span class=\"wpcf7-form-control-wrap\" data-name=\"incident-description\"><textarea cols=\"40\" rows=\"10\" maxlength=\"2000\" class=\"wpcf7-form-control wpcf7-textarea\" aria-invalid=\"false\" name=\"incident-description\"><\/textarea><\/span> <\/label>\n<\/p>\n<p><label>Y a-t-il d'autres informations que vous souhaitez inclure ?<br \/>\n<span class=\"wpcf7-form-control-wrap\" data-name=\"other-info\"><span class=\"wpcf7-form-control wpcf7-checkbox wpcf7-exclusive-checkbox\"><span class=\"wpcf7-list-item first\"><input type=\"checkbox\" name=\"other-info\" value=\"Oui\" \/><span class=\"wpcf7-list-item-label\">Oui<\/span><\/span><span class=\"wpcf7-list-item last\"><input type=\"checkbox\" name=\"other-info\" value=\"Non\" \/><span class=\"wpcf7-list-item-label\">Non<\/span><\/span><\/span><\/span> <\/label>\n<\/p>\n<p><label> Si oui, d\u00e9crivez : (max 250 mots)<br \/>\n<span class=\"wpcf7-form-control-wrap\" data-name=\"other-info-description\"><textarea cols=\"40\" rows=\"10\" maxlength=\"2000\" class=\"wpcf7-form-control wpcf7-textarea\" aria-invalid=\"false\" name=\"other-info-description\"><\/textarea><\/span> <\/label>\n<\/p>\n<p><span id=\"wpcf7-69ef7ef78bc44-wrapper\" class=\"wpcf7-form-control-wrap website-wrap\" ><label for=\"wpcf7-69ef7ef78bc44-field\" class=\"hp-message\">Please leave empty<\/label><input id=\"wpcf7-69ef7ef78bc44-field\"  class=\"wpcf7-form-control wpcf7-text\" type=\"text\" name=\"website\" value=\"\" size=\"40\" tabindex=\"-1\" autocomplete=\"new-password\" \/><\/span>\n<\/p>\n<p><input class=\"wpcf7-form-control wpcf7-submit has-spinner\" type=\"submit\" value=\"Submit\" \/>\n<\/p><div class=\"wpcf7-response-output\" aria-hidden=\"true\"><\/div>\n<\/form>\n<\/div>\n<\/div>\n","protected":false},"excerpt":{"rendered":"<p>Formulaire de rapport d&rsquo;incident \/ plainte individuelle Centre Eva Marsden s&rsquo;engage \u00e0 prot\u00e9ger votre vie priv\u00e9e. Nous avons am\u00e9lior\u00e9 et mis \u00e0 jour notre politique de protection des donn\u00e9es personnelles et des informations, et avons examin\u00e9 nos pratiques. Ce formulaire doit \u00eatre utilis\u00e9 en cas de (soup\u00e7on de) violation de la confidentialit\u00e9. Ce formulaire sert &#8230; <a title=\"Atteinte aux donn\u00e9es personnelles\" class=\"read-more\" href=\"https:\/\/emcmtl.org\/fr\/privacy\/breach-of-personal-data\/\" aria-label=\"En savoir plus sur Atteinte aux donn\u00e9es personnelles\">Lire la suite<\/a><\/p>\n","protected":false},"author":3,"featured_media":0,"parent":891,"menu_order":14,"comment_status":"closed","ping_status":"closed","template":"","meta":{"_coblocks_attr":"","_coblocks_dimensions":"","_coblocks_responsive_height":"","_coblocks_accordion_ie_support":"","footnotes":""},"class_list":["post-879","page","type-page","status-publish"],"_links":{"self":[{"href":"https:\/\/emcmtl.org\/fr\/wp-json\/wp\/v2\/pages\/879","targetHints":{"allow":["GET"]}}],"collection":[{"href":"https:\/\/emcmtl.org\/fr\/wp-json\/wp\/v2\/pages"}],"about":[{"href":"https:\/\/emcmtl.org\/fr\/wp-json\/wp\/v2\/types\/page"}],"author":[{"embeddable":true,"href":"https:\/\/emcmtl.org\/fr\/wp-json\/wp\/v2\/users\/3"}],"replies":[{"embeddable":true,"href":"https:\/\/emcmtl.org\/fr\/wp-json\/wp\/v2\/comments?post=879"}],"version-history":[{"count":1,"href":"https:\/\/emcmtl.org\/fr\/wp-json\/wp\/v2\/pages\/879\/revisions"}],"predecessor-version":[{"id":881,"href":"https:\/\/emcmtl.org\/fr\/wp-json\/wp\/v2\/pages\/879\/revisions\/881"}],"up":[{"embeddable":true,"href":"https:\/\/emcmtl.org\/fr\/wp-json\/wp\/v2\/pages\/891"}],"wp:attachment":[{"href":"https:\/\/emcmtl.org\/fr\/wp-json\/wp\/v2\/media?parent=879"}],"curies":[{"name":"wp","href":"https:\/\/api.w.org\/{rel}","templated":true}]}}