{"id":891,"date":"2024-09-05T14:17:12","date_gmt":"2024-09-05T18:17:12","guid":{"rendered":"https:\/\/emcmtl.org\/privacy\/"},"modified":"2024-09-05T15:17:34","modified_gmt":"2024-09-05T19:17:34","slug":"privacy","status":"publish","type":"page","link":"https:\/\/emcmtl.org\/fr\/privacy\/","title":{"rendered":"Confidentialit\u00e9"},"content":{"rendered":"\n<h2 class=\"wp-block-heading\"><strong>D\u00e9claration de confidentialit\u00e9 sur la collecte de donn\u00e9es du Centre Eva Marsden en vertu de la Loi 25 au Qu\u00e9bec<\/strong><\/h2>\n\n\n\n<h3 class=\"wp-block-heading\">Avertissement<\/h3>\n\n\n\n<p>Le Centre Eva Marsden s&rsquo;engage \u00e0 prot\u00e9ger votre vie priv\u00e9e.<\/p>\n\n\n\n<p>Nous avons am\u00e9lior\u00e9 et mis \u00e0 jour notre politique de protection des donn\u00e9es personnelles et des informations, et avons revu nos pratiques en vertu de la nouvelle Loi 25 au Qu\u00e9bec.<\/p>\n\n\n\n<p>En contactant le Centre Eva Marsden sur l&rsquo;une de nos plateformes, vous donnez votre consentement pour que nous puissions collecter et conserver certaines donn\u00e9es afin de vous offrir des services de qualit\u00e9.<\/p>\n\n\n\n<p>Le Centre Eva Marsden peut collecter des informations personnelles vous concernant lorsque vous :<\/p>\n\n\n\n<ul class=\"wp-block-list\">\n<li>Vous inscrivez volontairement \u00e0 l&rsquo;un de nos services<\/li>\n\n\n\n<li>Participez \u00e0 des enqu\u00eates<\/li>\n\n\n\n<li>Assistez \u00e0 l&rsquo;un de nos programmes sans rendez-vous<\/li>\n\n\n\n<li>Interagissez avec nous par t\u00e9l\u00e9phone, courriel, plateformes en ligne ou courrier<\/li>\n\n\n\n<li>Visitez notre site web<\/li>\n<\/ul>\n\n\n\n<p>Lorsque vous acc\u00e9dez \u00e0 ces pages ou communiquez avec nous sur nos diff\u00e9rents canaux, vous serez inform\u00e9 que vos informations personnelles sont collect\u00e9es, et vous pourrez donner ou refuser votre consentement. Nous pouvons collecter des donn\u00e9es telles que votre nom, num\u00e9ro de t\u00e9l\u00e9phone, date de naissance, adresse domiciliaire, revenu, et toute autre information que vous pourriez fournir dans vos interactions avec notre \u00e9quipe. Si vous nous contactez pour fournir une recommandation pour quelqu&rsquo;un d&rsquo;autre, nous pourrions n\u00e9cessiter des informations telles que l&rsquo;organisation d&rsquo;o\u00f9 vous appelez, comment vous avez entendu parler de notre organisation, titre du poste, nom et num\u00e9ro de t\u00e9l\u00e9phone.<\/p>\n\n\n\n<p>Le c\u0153ur de nos efforts est caract\u00e9ris\u00e9 par les mesures suivantes :<\/p>\n\n\n\n<ul class=\"wp-block-list\">\n<li>Nous exigerons votre consentement avant de collecter, utiliser ou divulguer vos informations personnelles. Cette clause de consentement est int\u00e9gr\u00e9e \u00e0 notre syst\u00e8me de donn\u00e9es appel\u00e9 Salesforce. Lorsque vous utilisez l&rsquo;un de nos services, vous consentez \u00e0 partager certaines informations avec notre \u00e9quipe.<\/li>\n\n\n\n<li>Vos informations personnelles ne seront pas utilis\u00e9es ou divulgu\u00e9es \u00e0 des fins autres que celles pour lesquelles elles ont \u00e9t\u00e9 collect\u00e9es sans votre consentement ou sauf si la loi l&rsquo;exige.<\/li>\n\n\n\n<li>Ces donn\u00e9es personnelles seront conserv\u00e9es pendant la p\u00e9riode n\u00e9cessaire pour atteindre l&rsquo;objectif d\u00e9clar\u00e9. En g\u00e9n\u00e9ral, cela continue jusqu&rsquo;\u00e0 ce que vous ne souhaitiez plus ou n&rsquo;ayez plus besoin de nos services. Nous mettons \u00e0 jour notre base de donn\u00e9es annuellement.<\/li>\n\n\n\n<li>Toutes les donn\u00e9es que vous nous fournissez sont prot\u00e9g\u00e9es par diverses mesures de s\u00e9curit\u00e9, y compris la s\u00e9curisation de nos ordinateurs personnels en cas de vol.<\/li>\n<\/ul>\n\n\n\n<p>Le responsable de la protection de la vie priv\u00e9e au Centre Eva Marsden est Jessica Formichella.<br>Jessica Formichella peut \u00eatre contact\u00e9e \u00e0 l&rsquo;adresse suivante <a href=\"mailto:jformichella@emcmtl.org\">jformichella@emcmtl.org<\/a><\/p>\n\n\n\n<p><a href=\"https:\/\/emcmtl.org\/fr\/privacy\/politique-confidentialite\/\" data-type=\"page\" data-id=\"3\">Consulter notre politique de confidentialit\u00e9 en mati\u00e8re de collecte des donn\u00e9es personnelles<\/a><\/p>\n\n\n\n<p><a href=\"https:\/\/emcmtl.org\/fr\/privacy\/data-subject-access-request-form\/\" data-type=\"page\" data-id=\"920\">Demander un rapport sur la collecte des donn\u00e9es personnelles<\/a><\/p>\n\n\n\n<p><a href=\"https:\/\/emcmtl.org\/fr\/privacy\/breach-of-personal-data\/\" data-type=\"page\" data-id=\"872\">D\u00e9poser une plainte concernant une atteinte \u00e0 la vie priv\u00e9e<\/a><\/p>\n","protected":false},"excerpt":{"rendered":"<p>D\u00e9claration de confidentialit\u00e9 sur la collecte de donn\u00e9es du Centre Eva Marsden en vertu de la Loi 25 au Qu\u00e9bec Avertissement Le Centre Eva Marsden s&rsquo;engage \u00e0 prot\u00e9ger votre vie priv\u00e9e. Nous avons am\u00e9lior\u00e9 et mis \u00e0 jour notre politique de protection des donn\u00e9es personnelles et des informations, et avons revu nos pratiques en vertu &#8230; <a title=\"Confidentialit\u00e9\" class=\"read-more\" href=\"https:\/\/emcmtl.org\/fr\/privacy\/\" aria-label=\"En savoir plus sur Confidentialit\u00e9\">Lire la suite<\/a><\/p>\n","protected":false},"author":3,"featured_media":0,"parent":0,"menu_order":11,"comment_status":"closed","ping_status":"closed","template":"","meta":{"_coblocks_attr":"","_coblocks_dimensions":"","_coblocks_responsive_height":"","_coblocks_accordion_ie_support":"","footnotes":""},"class_list":["post-891","page","type-page","status-publish"],"yoast_head":"<!-- This site is optimized with the Yoast SEO plugin v27.5 - https:\/\/yoast.com\/product\/yoast-seo-wordpress\/ -->\n<title>Confidentialit\u00e9 - Eva Marsden Centre<\/title>\n<meta name=\"robots\" content=\"index, follow, max-snippet:-1, max-image-preview:large, max-video-preview:-1\" \/>\n<link rel=\"canonical\" href=\"https:\/\/emcmtl.org\/privacy\/\" \/>\n<meta property=\"og:locale\" content=\"fr_FR\" \/>\n<meta property=\"og:type\" content=\"article\" \/>\n<meta property=\"og:title\" content=\"Confidentialit\u00e9 - Eva Marsden Centre\" \/>\n<meta property=\"og:description\" content=\"D\u00e9claration de confidentialit\u00e9 sur la collecte de donn\u00e9es du Centre Eva Marsden en vertu de la Loi 25 au Qu\u00e9bec Avertissement Le Centre Eva Marsden s&rsquo;engage \u00e0 prot\u00e9ger votre vie priv\u00e9e. Nous avons am\u00e9lior\u00e9 et mis \u00e0 jour notre politique de protection des donn\u00e9es personnelles et des informations, et avons revu nos pratiques en vertu ... Lire la suite\" \/>\n<meta property=\"og:url\" content=\"https:\/\/emcmtl.org\/privacy\/\" \/>\n<meta property=\"og:site_name\" content=\"Eva Marsden Centre\" \/>\n<meta property=\"article:modified_time\" content=\"2024-09-05T19:17:34+00:00\" \/>\n<meta name=\"twitter:card\" content=\"summary_large_image\" \/>\n<meta name=\"twitter:label1\" content=\"Dur\u00e9e de lecture estim\u00e9e\" \/>\n\t<meta name=\"twitter:data1\" content=\"2 minutes\" \/>\n<script type=\"application\/ld+json\" class=\"yoast-schema-graph\">{\"@context\":\"https:\\\/\\\/schema.org\",\"@graph\":[{\"@type\":\"WebPage\",\"@id\":\"https:\\\/\\\/emcmtl.org\\\/privacy\\\/\",\"url\":\"https:\\\/\\\/emcmtl.org\\\/privacy\\\/\",\"name\":\"Confidentialit\u00e9 - Eva Marsden Centre\",\"isPartOf\":{\"@id\":\"https:\\\/\\\/emcmtl.org\\\/#website\"},\"datePublished\":\"2024-09-05T18:17:12+00:00\",\"dateModified\":\"2024-09-05T19:17:34+00:00\",\"breadcrumb\":{\"@id\":\"https:\\\/\\\/emcmtl.org\\\/privacy\\\/#breadcrumb\"},\"inLanguage\":\"fr-FR\",\"potentialAction\":[{\"@type\":\"ReadAction\",\"target\":[\"https:\\\/\\\/emcmtl.org\\\/privacy\\\/\"]}]},{\"@type\":\"BreadcrumbList\",\"@id\":\"https:\\\/\\\/emcmtl.org\\\/privacy\\\/#breadcrumb\",\"itemListElement\":[{\"@type\":\"ListItem\",\"position\":1,\"name\":\"Home\",\"item\":\"https:\\\/\\\/emcmtl.org\\\/fr\\\/\"},{\"@type\":\"ListItem\",\"position\":2,\"name\":\"Confidentialit\u00e9\"}]},{\"@type\":\"WebSite\",\"@id\":\"https:\\\/\\\/emcmtl.org\\\/#website\",\"url\":\"https:\\\/\\\/emcmtl.org\\\/\",\"name\":\"Eva Marsden Centre\",\"description\":\"Eva Marsden Centre for Social Justice and Aging\",\"publisher\":{\"@id\":\"https:\\\/\\\/emcmtl.org\\\/#organization\"},\"potentialAction\":[{\"@type\":\"SearchAction\",\"target\":{\"@type\":\"EntryPoint\",\"urlTemplate\":\"https:\\\/\\\/emcmtl.org\\\/?s={search_term_string}\"},\"query-input\":{\"@type\":\"PropertyValueSpecification\",\"valueRequired\":true,\"valueName\":\"search_term_string\"}}],\"inLanguage\":\"fr-FR\"},{\"@type\":\"Organization\",\"@id\":\"https:\\\/\\\/emcmtl.org\\\/#organization\",\"name\":\"Eva Marsden Centre\",\"url\":\"https:\\\/\\\/emcmtl.org\\\/\",\"logo\":{\"@type\":\"ImageObject\",\"inLanguage\":\"fr-FR\",\"@id\":\"https:\\\/\\\/emcmtl.org\\\/#\\\/schema\\\/logo\\\/image\\\/\",\"url\":\"https:\\\/\\\/emcmtl.org\\\/wp-content\\\/uploads\\\/2022\\\/04\\\/CentreEvaMarsdenLogoRBG3x1in.jpg\",\"contentUrl\":\"https:\\\/\\\/emcmtl.org\\\/wp-content\\\/uploads\\\/2022\\\/04\\\/CentreEvaMarsdenLogoRBG3x1in.jpg\",\"width\":950,\"height\":300,\"caption\":\"Eva Marsden Centre\"},\"image\":{\"@id\":\"https:\\\/\\\/emcmtl.org\\\/#\\\/schema\\\/logo\\\/image\\\/\"}}]}<\/script>\n<!-- \/ Yoast SEO plugin. -->","yoast_head_json":{"title":"Confidentialit\u00e9 - Eva Marsden Centre","robots":{"index":"index","follow":"follow","max-snippet":"max-snippet:-1","max-image-preview":"max-image-preview:large","max-video-preview":"max-video-preview:-1"},"canonical":"https:\/\/emcmtl.org\/privacy\/","og_locale":"fr_FR","og_type":"article","og_title":"Confidentialit\u00e9 - Eva Marsden Centre","og_description":"D\u00e9claration de confidentialit\u00e9 sur la collecte de donn\u00e9es du Centre Eva Marsden en vertu de la Loi 25 au Qu\u00e9bec Avertissement Le Centre Eva Marsden s&rsquo;engage \u00e0 prot\u00e9ger votre vie priv\u00e9e. Nous avons am\u00e9lior\u00e9 et mis \u00e0 jour notre politique de protection des donn\u00e9es personnelles et des informations, et avons revu nos pratiques en vertu ... Lire la suite","og_url":"https:\/\/emcmtl.org\/privacy\/","og_site_name":"Eva Marsden Centre","article_modified_time":"2024-09-05T19:17:34+00:00","twitter_card":"summary_large_image","twitter_misc":{"Dur\u00e9e de lecture estim\u00e9e":"2 minutes"},"schema":{"@context":"https:\/\/schema.org","@graph":[{"@type":"WebPage","@id":"https:\/\/emcmtl.org\/privacy\/","url":"https:\/\/emcmtl.org\/privacy\/","name":"Confidentialit\u00e9 - Eva Marsden Centre","isPartOf":{"@id":"https:\/\/emcmtl.org\/#website"},"datePublished":"2024-09-05T18:17:12+00:00","dateModified":"2024-09-05T19:17:34+00:00","breadcrumb":{"@id":"https:\/\/emcmtl.org\/privacy\/#breadcrumb"},"inLanguage":"fr-FR","potentialAction":[{"@type":"ReadAction","target":["https:\/\/emcmtl.org\/privacy\/"]}]},{"@type":"BreadcrumbList","@id":"https:\/\/emcmtl.org\/privacy\/#breadcrumb","itemListElement":[{"@type":"ListItem","position":1,"name":"Home","item":"https:\/\/emcmtl.org\/fr\/"},{"@type":"ListItem","position":2,"name":"Confidentialit\u00e9"}]},{"@type":"WebSite","@id":"https:\/\/emcmtl.org\/#website","url":"https:\/\/emcmtl.org\/","name":"Eva Marsden Centre","description":"Eva Marsden Centre for Social Justice and Aging","publisher":{"@id":"https:\/\/emcmtl.org\/#organization"},"potentialAction":[{"@type":"SearchAction","target":{"@type":"EntryPoint","urlTemplate":"https:\/\/emcmtl.org\/?s={search_term_string}"},"query-input":{"@type":"PropertyValueSpecification","valueRequired":true,"valueName":"search_term_string"}}],"inLanguage":"fr-FR"},{"@type":"Organization","@id":"https:\/\/emcmtl.org\/#organization","name":"Eva Marsden Centre","url":"https:\/\/emcmtl.org\/","logo":{"@type":"ImageObject","inLanguage":"fr-FR","@id":"https:\/\/emcmtl.org\/#\/schema\/logo\/image\/","url":"https:\/\/emcmtl.org\/wp-content\/uploads\/2022\/04\/CentreEvaMarsdenLogoRBG3x1in.jpg","contentUrl":"https:\/\/emcmtl.org\/wp-content\/uploads\/2022\/04\/CentreEvaMarsdenLogoRBG3x1in.jpg","width":950,"height":300,"caption":"Eva Marsden Centre"},"image":{"@id":"https:\/\/emcmtl.org\/#\/schema\/logo\/image\/"}}]}},"_links":{"self":[{"href":"https:\/\/emcmtl.org\/fr\/wp-json\/wp\/v2\/pages\/891","targetHints":{"allow":["GET"]}}],"collection":[{"href":"https:\/\/emcmtl.org\/fr\/wp-json\/wp\/v2\/pages"}],"about":[{"href":"https:\/\/emcmtl.org\/fr\/wp-json\/wp\/v2\/types\/page"}],"author":[{"embeddable":true,"href":"https:\/\/emcmtl.org\/fr\/wp-json\/wp\/v2\/users\/3"}],"replies":[{"embeddable":true,"href":"https:\/\/emcmtl.org\/fr\/wp-json\/wp\/v2\/comments?post=891"}],"version-history":[{"count":3,"href":"https:\/\/emcmtl.org\/fr\/wp-json\/wp\/v2\/pages\/891\/revisions"}],"predecessor-version":[{"id":926,"href":"https:\/\/emcmtl.org\/fr\/wp-json\/wp\/v2\/pages\/891\/revisions\/926"}],"wp:attachment":[{"href":"https:\/\/emcmtl.org\/fr\/wp-json\/wp\/v2\/media?parent=891"}],"curies":[{"name":"wp","href":"https:\/\/api.w.org\/{rel}","templated":true}]}}