{"id":900,"date":"2024-09-05T14:31:19","date_gmt":"2024-09-05T18:31:19","guid":{"rendered":"https:\/\/emcmtl.org\/privacy\/privacy-statement\/"},"modified":"2024-09-05T15:16:00","modified_gmt":"2024-09-05T19:16:00","slug":"privacy-statement","status":"publish","type":"page","link":"https:\/\/emcmtl.org\/fr\/privacy\/privacy-statement\/","title":{"rendered":"D\u00e9claration de confidentialit\u00e9"},"content":{"rendered":"\n<h2 class=\"wp-block-heading\">D\u00e9claration d&rsquo;enqu\u00eate<\/h2>\n\n\n\n<h3 class=\"wp-block-heading\">Politique de confidentialit\u00e9<\/h3>\n\n\n\n<p>Centre Eva Marsdens&rsquo;engage \u00e0 prot\u00e9ger votre vie priv\u00e9e et vos donn\u00e9es.<\/p>\n\n\n\n<p>Suivant l&rsquo;entr\u00e9e en vigueur de la nouvelle l\u00e9gislation, nous avons am\u00e9lior\u00e9 et mis \u00e0 jour notre politique de protection des donn\u00e9es et renseignements personnels, en plus de revoir nos pratiques dans ce domaine.<\/p>\n\n\n\n<p>Nos efforts se concentrent sur les mesures suivantes :<\/p>\n\n\n\n<ul class=\"wp-block-list\">\n<li>Nous aurons besoin de votre consentement avant de recueillir, d&rsquo;utiliser ou de divulguer vos renseignements personnels.<\/li>\n\n\n\n<li>Vos renseignements personnels ne seront pas utilis\u00e9s ou divulgu\u00e9s, sans votre consentement ou \u00e0 moins que la loi ne l&rsquo;exige, \u00e0 des fins autres que celles pour lesquelles ils ont \u00e9t\u00e9 recueillis.<\/li>\n\n\n\n<li>Ces donn\u00e9es personnelles seront conserv\u00e9es pendant la p\u00e9riode n\u00e9cessaire \u00e0 la r\u00e9alisation de l&rsquo;objectif \u00e9nonc\u00e9.<\/li>\n\n\n\n<li>Les donn\u00e9es jug\u00e9es plus sensibles sont prot\u00e9g\u00e9es par des mesures de s\u00e9curit\u00e9 accrue. \u2022&nbsp; Nos politiques et nos mesures de s\u00e9curit\u00e9 seront revues et mises \u00e0 jour p\u00e9riodiquement, au besoin.<\/li>\n<\/ul>\n\n\n\n<p>Le responsable de la protection de la vie priv\u00e9e au Centre Eva Marsden est Jessica Formichella.<br>Jessica Formichella peut \u00eatre contact\u00e9e \u00e0 l&rsquo;adresse suivante <a href=\"mailto:jformichella@emcmtl.org\">jformichella@emcmtl.org<\/a><\/p>\n\n\n\n<p><a href=\"https:\/\/emcmtl.org\/fr\/privacy\/politique-confidentialite\/\" data-type=\"page\" data-id=\"3\">Consulter notre politique de confidentialit\u00e9 en mati\u00e8re de collecte des donn\u00e9es personnelles<\/a><\/p>\n\n\n\n<p><a href=\"https:\/\/emcmtl.org\/fr\/privacy\/data-subject-access-request-form\/\" data-type=\"page\" data-id=\"920\">Demander un rapport sur la collecte des donn\u00e9es personnelles<\/a><\/p>\n\n\n\n<p><a href=\"https:\/\/emcmtl.org\/fr\/privacy\/breach-of-personal-data\/\" data-type=\"page\" data-id=\"872\">D\u00e9poser une plainte concernant une atteinte \u00e0 la vie priv\u00e9e<\/a><\/p>\n\n\n\n<hr class=\"wp-block-separator has-alpha-channel-opacity\"\/>\n\n\n\n<h2 class=\"wp-block-heading\">D\u00e9claration de la lettre d&rsquo;information<\/h2>\n\n\n\n<p>Le Centre Eva Marsden s&rsquo;engage \u00e0 prot\u00e9ger votre vie priv\u00e9e et vos donn\u00e9es.<\/p>\n\n\n\n<p>Suivant l&rsquo;entr\u00e9e en vigueur de la nouvelle l\u00e9gislation, nous avons am\u00e9lior\u00e9 et mis \u00e0 jour notre politique de protection des donn\u00e9es et renseignements personnels, en plus de revoir nos pratiques dans ce domaine.<\/p>\n\n\n\n<p>Nos efforts se concentrent sur les mesures suivantes :<\/p>\n\n\n\n<ul class=\"wp-block-list\">\n<li>Nous aurons besoin de votre consentement avant de recueillir, d&rsquo;utiliser ou de divulguer vos renseignements personnels.<\/li>\n\n\n\n<li>Vos renseignements personnels ne seront pas utilis\u00e9s ou divulgu\u00e9s, sans votre consentement ou \u00e0 moins que la loi ne l&rsquo;exige, \u00e0 des fins autres que celles pour lesquelles ils ont \u00e9t\u00e9 recueillis.<\/li>\n\n\n\n<li>Ces donn\u00e9es personnelles seront conserv\u00e9es pendant la p\u00e9riode n\u00e9cessaire \u00e0 la r\u00e9alisation de l&rsquo;objectif \u00e9nonc\u00e9.<\/li>\n\n\n\n<li>Les donn\u00e9es jug\u00e9es plus sensibles sont prot\u00e9g\u00e9es par des mesures de s\u00e9curit\u00e9 accrue.<\/li>\n\n\n\n<li>Nos politiques et nos mesures de s\u00e9curit\u00e9 seront revues et mises \u00e0 jour p\u00e9riodiquement, au besoin.<\/li>\n<\/ul>\n\n\n\n<p>Le responsable de la protection de la vie priv\u00e9e au Centre Eva Marsden est Jessica Formichella.<br>Jessica Formichella peut \u00eatre contact\u00e9e \u00e0 l&rsquo;adresse suivante <a href=\"mailto:jformichella@emcmtl.org\">jformichella@emcmtl.org<\/a><\/p>\n\n\n\n<p><a href=\"https:\/\/emcmtl.org\/fr\/privacy\/politique-confidentialite\/\" data-type=\"page\" data-id=\"3\">Consulter notre politique de confidentialit\u00e9 en mati\u00e8re de collecte des donn\u00e9es personnelles<\/a><\/p>\n\n\n\n<p><a href=\"https:\/\/emcmtl.org\/fr\/privacy\/data-subject-access-request-form\/\" data-type=\"page\" data-id=\"920\">Demander un rapport sur la collecte des donn\u00e9es personnelles<\/a><\/p>\n\n\n\n<p><a href=\"https:\/\/emcmtl.org\/fr\/privacy\/breach-of-personal-data\/\" data-type=\"page\" data-id=\"872\">D\u00e9poser une plainte concernant une atteinte \u00e0 la vie priv\u00e9e<\/a><\/p>\n","protected":false},"excerpt":{"rendered":"<p>D\u00e9claration d&rsquo;enqu\u00eate Politique de confidentialit\u00e9 Centre Eva Marsdens&rsquo;engage \u00e0 prot\u00e9ger votre vie priv\u00e9e et vos donn\u00e9es. Suivant l&rsquo;entr\u00e9e en vigueur de la nouvelle l\u00e9gislation, nous avons am\u00e9lior\u00e9 et mis \u00e0 jour notre politique de protection des donn\u00e9es et renseignements personnels, en plus de revoir nos pratiques dans ce domaine. Nos efforts se concentrent sur les &#8230; <a title=\"D\u00e9claration de confidentialit\u00e9\" class=\"read-more\" href=\"https:\/\/emcmtl.org\/fr\/privacy\/privacy-statement\/\" aria-label=\"En savoir plus sur D\u00e9claration de confidentialit\u00e9\">Lire la suite<\/a><\/p>\n","protected":false},"author":3,"featured_media":0,"parent":891,"menu_order":13,"comment_status":"closed","ping_status":"closed","template":"","meta":{"_coblocks_attr":"","_coblocks_dimensions":"","_coblocks_responsive_height":"","_coblocks_accordion_ie_support":"","footnotes":""},"class_list":["post-900","page","type-page","status-publish"],"yoast_head":"<!-- This site is optimized with the Yoast SEO plugin v27.5 - https:\/\/yoast.com\/product\/yoast-seo-wordpress\/ -->\n<title>D\u00e9claration de confidentialit\u00e9 - Eva Marsden Centre<\/title>\n<meta name=\"robots\" content=\"index, follow, max-snippet:-1, max-image-preview:large, max-video-preview:-1\" \/>\n<link rel=\"canonical\" href=\"https:\/\/emcmtl.org\/privacy\/privacy-statement\/\" \/>\n<meta property=\"og:locale\" content=\"fr_FR\" \/>\n<meta property=\"og:type\" content=\"article\" \/>\n<meta property=\"og:title\" content=\"D\u00e9claration de confidentialit\u00e9 - Eva Marsden Centre\" \/>\n<meta property=\"og:description\" content=\"D\u00e9claration d&rsquo;enqu\u00eate Politique de confidentialit\u00e9 Centre Eva Marsdens&rsquo;engage \u00e0 prot\u00e9ger votre vie priv\u00e9e et vos donn\u00e9es. Suivant l&rsquo;entr\u00e9e en vigueur de la nouvelle l\u00e9gislation, nous avons am\u00e9lior\u00e9 et mis \u00e0 jour notre politique de protection des donn\u00e9es et renseignements personnels, en plus de revoir nos pratiques dans ce domaine. Nos efforts se concentrent sur les ... Lire la suite\" \/>\n<meta property=\"og:url\" content=\"https:\/\/emcmtl.org\/privacy\/privacy-statement\/\" \/>\n<meta property=\"og:site_name\" content=\"Eva Marsden Centre\" \/>\n<meta property=\"article:modified_time\" content=\"2024-09-05T19:16:00+00:00\" \/>\n<meta name=\"twitter:card\" content=\"summary_large_image\" \/>\n<meta name=\"twitter:label1\" content=\"Dur\u00e9e de lecture estim\u00e9e\" \/>\n\t<meta name=\"twitter:data1\" content=\"2 minutes\" \/>\n<script type=\"application\/ld+json\" class=\"yoast-schema-graph\">{\"@context\":\"https:\\\/\\\/schema.org\",\"@graph\":[{\"@type\":\"WebPage\",\"@id\":\"https:\\\/\\\/emcmtl.org\\\/privacy\\\/privacy-statement\\\/\",\"url\":\"https:\\\/\\\/emcmtl.org\\\/privacy\\\/privacy-statement\\\/\",\"name\":\"D\u00e9claration de confidentialit\u00e9 - Eva Marsden Centre\",\"isPartOf\":{\"@id\":\"https:\\\/\\\/emcmtl.org\\\/#website\"},\"datePublished\":\"2024-09-05T18:31:19+00:00\",\"dateModified\":\"2024-09-05T19:16:00+00:00\",\"breadcrumb\":{\"@id\":\"https:\\\/\\\/emcmtl.org\\\/privacy\\\/privacy-statement\\\/#breadcrumb\"},\"inLanguage\":\"fr-FR\",\"potentialAction\":[{\"@type\":\"ReadAction\",\"target\":[\"https:\\\/\\\/emcmtl.org\\\/privacy\\\/privacy-statement\\\/\"]}]},{\"@type\":\"BreadcrumbList\",\"@id\":\"https:\\\/\\\/emcmtl.org\\\/privacy\\\/privacy-statement\\\/#breadcrumb\",\"itemListElement\":[{\"@type\":\"ListItem\",\"position\":1,\"name\":\"Home\",\"item\":\"https:\\\/\\\/emcmtl.org\\\/fr\\\/\"},{\"@type\":\"ListItem\",\"position\":2,\"name\":\"Confidentialit\u00e9\",\"item\":\"https:\\\/\\\/emcmtl.org\\\/privacy\\\/\"},{\"@type\":\"ListItem\",\"position\":3,\"name\":\"D\u00e9claration de confidentialit\u00e9\"}]},{\"@type\":\"WebSite\",\"@id\":\"https:\\\/\\\/emcmtl.org\\\/#website\",\"url\":\"https:\\\/\\\/emcmtl.org\\\/\",\"name\":\"Eva Marsden Centre\",\"description\":\"Eva Marsden Centre for Social Justice and Aging\",\"publisher\":{\"@id\":\"https:\\\/\\\/emcmtl.org\\\/#organization\"},\"potentialAction\":[{\"@type\":\"SearchAction\",\"target\":{\"@type\":\"EntryPoint\",\"urlTemplate\":\"https:\\\/\\\/emcmtl.org\\\/?s={search_term_string}\"},\"query-input\":{\"@type\":\"PropertyValueSpecification\",\"valueRequired\":true,\"valueName\":\"search_term_string\"}}],\"inLanguage\":\"fr-FR\"},{\"@type\":\"Organization\",\"@id\":\"https:\\\/\\\/emcmtl.org\\\/#organization\",\"name\":\"Eva Marsden Centre\",\"url\":\"https:\\\/\\\/emcmtl.org\\\/\",\"logo\":{\"@type\":\"ImageObject\",\"inLanguage\":\"fr-FR\",\"@id\":\"https:\\\/\\\/emcmtl.org\\\/#\\\/schema\\\/logo\\\/image\\\/\",\"url\":\"https:\\\/\\\/emcmtl.org\\\/wp-content\\\/uploads\\\/2022\\\/04\\\/CentreEvaMarsdenLogoRBG3x1in.jpg\",\"contentUrl\":\"https:\\\/\\\/emcmtl.org\\\/wp-content\\\/uploads\\\/2022\\\/04\\\/CentreEvaMarsdenLogoRBG3x1in.jpg\",\"width\":950,\"height\":300,\"caption\":\"Eva Marsden Centre\"},\"image\":{\"@id\":\"https:\\\/\\\/emcmtl.org\\\/#\\\/schema\\\/logo\\\/image\\\/\"}}]}<\/script>\n<!-- \/ Yoast SEO plugin. -->","yoast_head_json":{"title":"D\u00e9claration de confidentialit\u00e9 - Eva Marsden Centre","robots":{"index":"index","follow":"follow","max-snippet":"max-snippet:-1","max-image-preview":"max-image-preview:large","max-video-preview":"max-video-preview:-1"},"canonical":"https:\/\/emcmtl.org\/privacy\/privacy-statement\/","og_locale":"fr_FR","og_type":"article","og_title":"D\u00e9claration de confidentialit\u00e9 - Eva Marsden Centre","og_description":"D\u00e9claration d&rsquo;enqu\u00eate Politique de confidentialit\u00e9 Centre Eva Marsdens&rsquo;engage \u00e0 prot\u00e9ger votre vie priv\u00e9e et vos donn\u00e9es. Suivant l&rsquo;entr\u00e9e en vigueur de la nouvelle l\u00e9gislation, nous avons am\u00e9lior\u00e9 et mis \u00e0 jour notre politique de protection des donn\u00e9es et renseignements personnels, en plus de revoir nos pratiques dans ce domaine. Nos efforts se concentrent sur les ... Lire la suite","og_url":"https:\/\/emcmtl.org\/privacy\/privacy-statement\/","og_site_name":"Eva Marsden Centre","article_modified_time":"2024-09-05T19:16:00+00:00","twitter_card":"summary_large_image","twitter_misc":{"Dur\u00e9e de lecture estim\u00e9e":"2 minutes"},"schema":{"@context":"https:\/\/schema.org","@graph":[{"@type":"WebPage","@id":"https:\/\/emcmtl.org\/privacy\/privacy-statement\/","url":"https:\/\/emcmtl.org\/privacy\/privacy-statement\/","name":"D\u00e9claration de confidentialit\u00e9 - Eva Marsden Centre","isPartOf":{"@id":"https:\/\/emcmtl.org\/#website"},"datePublished":"2024-09-05T18:31:19+00:00","dateModified":"2024-09-05T19:16:00+00:00","breadcrumb":{"@id":"https:\/\/emcmtl.org\/privacy\/privacy-statement\/#breadcrumb"},"inLanguage":"fr-FR","potentialAction":[{"@type":"ReadAction","target":["https:\/\/emcmtl.org\/privacy\/privacy-statement\/"]}]},{"@type":"BreadcrumbList","@id":"https:\/\/emcmtl.org\/privacy\/privacy-statement\/#breadcrumb","itemListElement":[{"@type":"ListItem","position":1,"name":"Home","item":"https:\/\/emcmtl.org\/fr\/"},{"@type":"ListItem","position":2,"name":"Confidentialit\u00e9","item":"https:\/\/emcmtl.org\/privacy\/"},{"@type":"ListItem","position":3,"name":"D\u00e9claration de confidentialit\u00e9"}]},{"@type":"WebSite","@id":"https:\/\/emcmtl.org\/#website","url":"https:\/\/emcmtl.org\/","name":"Eva Marsden Centre","description":"Eva Marsden Centre for Social Justice and Aging","publisher":{"@id":"https:\/\/emcmtl.org\/#organization"},"potentialAction":[{"@type":"SearchAction","target":{"@type":"EntryPoint","urlTemplate":"https:\/\/emcmtl.org\/?s={search_term_string}"},"query-input":{"@type":"PropertyValueSpecification","valueRequired":true,"valueName":"search_term_string"}}],"inLanguage":"fr-FR"},{"@type":"Organization","@id":"https:\/\/emcmtl.org\/#organization","name":"Eva Marsden Centre","url":"https:\/\/emcmtl.org\/","logo":{"@type":"ImageObject","inLanguage":"fr-FR","@id":"https:\/\/emcmtl.org\/#\/schema\/logo\/image\/","url":"https:\/\/emcmtl.org\/wp-content\/uploads\/2022\/04\/CentreEvaMarsdenLogoRBG3x1in.jpg","contentUrl":"https:\/\/emcmtl.org\/wp-content\/uploads\/2022\/04\/CentreEvaMarsdenLogoRBG3x1in.jpg","width":950,"height":300,"caption":"Eva Marsden Centre"},"image":{"@id":"https:\/\/emcmtl.org\/#\/schema\/logo\/image\/"}}]}},"_links":{"self":[{"href":"https:\/\/emcmtl.org\/fr\/wp-json\/wp\/v2\/pages\/900","targetHints":{"allow":["GET"]}}],"collection":[{"href":"https:\/\/emcmtl.org\/fr\/wp-json\/wp\/v2\/pages"}],"about":[{"href":"https:\/\/emcmtl.org\/fr\/wp-json\/wp\/v2\/types\/page"}],"author":[{"embeddable":true,"href":"https:\/\/emcmtl.org\/fr\/wp-json\/wp\/v2\/users\/3"}],"replies":[{"embeddable":true,"href":"https:\/\/emcmtl.org\/fr\/wp-json\/wp\/v2\/comments?post=900"}],"version-history":[{"count":3,"href":"https:\/\/emcmtl.org\/fr\/wp-json\/wp\/v2\/pages\/900\/revisions"}],"predecessor-version":[{"id":923,"href":"https:\/\/emcmtl.org\/fr\/wp-json\/wp\/v2\/pages\/900\/revisions\/923"}],"up":[{"embeddable":true,"href":"https:\/\/emcmtl.org\/fr\/wp-json\/wp\/v2\/pages\/891"}],"wp:attachment":[{"href":"https:\/\/emcmtl.org\/fr\/wp-json\/wp\/v2\/media?parent=900"}],"curies":[{"name":"wp","href":"https:\/\/api.w.org\/{rel}","templated":true}]}}