{"id":920,"date":"2024-09-05T15:00:51","date_gmt":"2024-09-05T19:00:51","guid":{"rendered":"https:\/\/emcmtl.org\/privacy\/data-subject-access-request-form\/"},"modified":"2024-09-05T15:14:05","modified_gmt":"2024-09-05T19:14:05","slug":"data-subject-access-request-form","status":"publish","type":"page","link":"https:\/\/emcmtl.org\/fr\/privacy\/data-subject-access-request-form\/","title":{"rendered":"Formulaire de demande d&rsquo;acc\u00e8s aux donn\u00e9es personnelles"},"content":{"rendered":"\n<p>Veuillez remplir ce formulaire pour recevoir un rapport sur vos donn\u00e9es personnelles collect\u00e9es par le Centre Eva Marsden. Votre rapport sera envoy\u00e9 dans les 5 jours ouvrables.<\/p>\n\n\n\n<p>Vous pouvez \u00e9galement utiliser ce formulaire pour mettre \u00e0 jour ou supprimer les informations que nous avons sur vous.<\/p>\n\n\n\n<div class=\"wp-block-contact-form-7-contact-form-selector\">\n<div class=\"wpcf7 no-js\" id=\"wpcf7-f919-o1\" lang=\"fr-FR\" dir=\"ltr\" data-wpcf7-id=\"919\">\n<div class=\"screen-reader-response\"><p role=\"status\" aria-live=\"polite\" aria-atomic=\"true\"><\/p> <ul><\/ul><\/div>\n<form action=\"\/fr\/wp-json\/wp\/v2\/pages\/920#wpcf7-f919-o1\" method=\"post\" class=\"wpcf7-form init\" aria-label=\"Formulaire de contact\" novalidate=\"novalidate\" data-status=\"init\">\n<fieldset class=\"hidden-fields-container\"><input type=\"hidden\" name=\"_wpcf7\" value=\"919\" \/><input type=\"hidden\" name=\"_wpcf7_version\" value=\"6.1.5\" \/><input type=\"hidden\" name=\"_wpcf7_locale\" value=\"fr_FR\" \/><input type=\"hidden\" name=\"_wpcf7_unit_tag\" value=\"wpcf7-f919-o1\" \/><input type=\"hidden\" name=\"_wpcf7_container_post\" value=\"0\" \/><input type=\"hidden\" name=\"_wpcf7_posted_data_hash\" value=\"\" \/>\n<\/fieldset>\n<p><span id=\"wpcf7-69ef7d31eab4b-wrapper\" class=\"wpcf7-form-control-wrap website-wrap\" ><label for=\"wpcf7-69ef7d31eab4b-field\" class=\"hp-message\">Please leave empty<\/label><input id=\"wpcf7-69ef7d31eab4b-field\"  class=\"wpcf7-form-control wpcf7-text\" type=\"text\" name=\"website\" value=\"\" size=\"40\" tabindex=\"-1\" autocomplete=\"new-password\" \/><\/span><br \/>\n<label> First Name*<br \/>\n<span class=\"wpcf7-form-control-wrap\" data-name=\"first-name\"><input size=\"40\" maxlength=\"400\" class=\"wpcf7-form-control wpcf7-text wpcf7-validates-as-required\" autocomplete=\"name\" aria-required=\"true\" aria-invalid=\"false\" value=\"\" type=\"text\" name=\"first-name\" \/><\/span> <\/label>\n<\/p>\n<p><label> Last Name*<br \/>\n<span class=\"wpcf7-form-control-wrap\" data-name=\"last-name\"><input size=\"40\" maxlength=\"400\" class=\"wpcf7-form-control wpcf7-text wpcf7-validates-as-required\" autocomplete=\"name\" aria-required=\"true\" aria-invalid=\"false\" value=\"\" type=\"text\" name=\"last-name\" \/><\/span> <\/label>\n<\/p>\n<p><label> Which email address have you used to access our services*?<br \/>\n<span class=\"wpcf7-form-control-wrap\" data-name=\"email\"><input size=\"40\" maxlength=\"400\" class=\"wpcf7-form-control wpcf7-email wpcf7-validates-as-required wpcf7-text wpcf7-validates-as-email\" autocomplete=\"email\" aria-required=\"true\" aria-invalid=\"false\" value=\"\" type=\"email\" name=\"email\" \/><\/span> <\/label>\n<\/p>\n<p><label> You are submitting this request as*:<br \/>\n<span class=\"wpcf7-form-control-wrap\" data-name=\"request-as\"><span class=\"wpcf7-form-control wpcf7-checkbox wpcf7-validates-as-required wpcf7-exclusive-checkbox\"><span class=\"wpcf7-list-item first\"><label><input type=\"checkbox\" name=\"request-as\" value=\"The person mentioned above\" \/><span class=\"wpcf7-list-item-label\">The person mentioned above<\/span><\/label><\/span><span class=\"wpcf7-list-item last\"><label><input type=\"checkbox\" name=\"request-as\" value=\"A third party, authorized by the person to make this request\" \/><span class=\"wpcf7-list-item-label\">A third party, authorized by the person to make this request<\/span><\/label><\/span><\/span><\/span> <\/label>\n<\/p>\n<p><label> I am submitting a request to*:<br \/>\n<span class=\"wpcf7-form-control-wrap\" data-name=\"request-to\"><span class=\"wpcf7-form-control wpcf7-checkbox wpcf7-validates-as-required wpcf7-exclusive-checkbox\"><span class=\"wpcf7-list-item first\"><label><input type=\"checkbox\" name=\"request-to\" value=\"Receive a report about which personal data is collected by me\" \/><span class=\"wpcf7-list-item-label\">Receive a report about which personal data is collected by me<\/span><\/label><\/span><span class=\"wpcf7-list-item\"><label><input type=\"checkbox\" name=\"request-to\" value=\"Have my information changed\" \/><span class=\"wpcf7-list-item-label\">Have my information changed<\/span><\/label><\/span><span class=\"wpcf7-list-item\"><label><input type=\"checkbox\" name=\"request-to\" value=\"Have my information deleted\" \/><span class=\"wpcf7-list-item-label\">Have my information deleted<\/span><\/label><\/span><span class=\"wpcf7-list-item last\"><label><input type=\"checkbox\" name=\"request-to\" value=\"Other\" \/><span class=\"wpcf7-list-item-label\">Other<\/span><\/label><\/span><\/span><\/span> <\/label>\n<\/p>\n<p><label> If other, please specify:<br \/>\n<span class=\"wpcf7-form-control-wrap\" data-name=\"other\"><input size=\"40\" maxlength=\"400\" class=\"wpcf7-form-control wpcf7-text\" aria-invalid=\"false\" value=\"\" type=\"text\" name=\"other\" \/><\/span> <\/label>\n<\/p>\n<p><label>I declare that*:<br \/>\n<span class=\"wpcf7-form-control-wrap\" data-name=\"declaration\"><span class=\"wpcf7-form-control wpcf7-checkbox wpcf7-validates-as-required\"><span class=\"wpcf7-list-item first\"><label><input type=\"checkbox\" name=\"declaration[]\" value=\"All the information above is true\" \/><span class=\"wpcf7-list-item-label\">All the information above is true<\/span><\/label><\/span><span class=\"wpcf7-list-item\"><label><input type=\"checkbox\" name=\"declaration[]\" value=\"I understand if I request to delete my data it is irreversible\" \/><span class=\"wpcf7-list-item-label\">I understand if I request to delete my data it is irreversible<\/span><\/label><\/span><span class=\"wpcf7-list-item last\"><label><input type=\"checkbox\" name=\"declaration[]\" value=\"I understand that I will need to supply an email address, in order to be contacted for this process\" \/><span class=\"wpcf7-list-item-label\">I understand that I will need to supply an email address, in order to be contacted for this process<\/span><\/label><\/span><\/span><\/span> <\/label>\n<\/p>\n<p><label> Do you have any comments to add?<br \/>\n<span class=\"wpcf7-form-control-wrap\" data-name=\"comments\"><textarea cols=\"40\" rows=\"10\" maxlength=\"2000\" class=\"wpcf7-form-control wpcf7-textarea\" aria-invalid=\"false\" name=\"comments\"><\/textarea><\/span> <\/label>\n<\/p>\n<p><span id=\"wpcf7-69ef7d31eadb0-wrapper\" class=\"wpcf7-form-control-wrap website-wrap\" ><label for=\"wpcf7-69ef7d31eadb0-field\" class=\"hp-message\">Please leave empty<\/label><input id=\"wpcf7-69ef7d31eadb0-field\"  class=\"wpcf7-form-control wpcf7-text\" type=\"text\" name=\"website\" value=\"\" size=\"40\" tabindex=\"-1\" autocomplete=\"new-password\" \/><\/span>\n<\/p>\n<p><input class=\"wpcf7-form-control wpcf7-submit has-spinner\" type=\"submit\" value=\"Submit\" \/>\n<\/p><div class=\"wpcf7-response-output\" aria-hidden=\"true\"><\/div>\n<\/form>\n<\/div>\n<\/div>\n","protected":false},"excerpt":{"rendered":"<p>Veuillez remplir ce formulaire pour recevoir un rapport sur vos donn\u00e9es personnelles collect\u00e9es par le Centre Eva Marsden. Votre rapport sera envoy\u00e9 dans les 5 jours ouvrables. Vous pouvez \u00e9galement utiliser ce formulaire pour mettre \u00e0 jour ou supprimer les informations que nous avons sur vous.<\/p>\n","protected":false},"author":3,"featured_media":0,"parent":891,"menu_order":16,"comment_status":"closed","ping_status":"closed","template":"","meta":{"_coblocks_attr":"","_coblocks_dimensions":"","_coblocks_responsive_height":"","_coblocks_accordion_ie_support":"","footnotes":""},"class_list":["post-920","page","type-page","status-publish"],"_links":{"self":[{"href":"https:\/\/emcmtl.org\/fr\/wp-json\/wp\/v2\/pages\/920","targetHints":{"allow":["GET"]}}],"collection":[{"href":"https:\/\/emcmtl.org\/fr\/wp-json\/wp\/v2\/pages"}],"about":[{"href":"https:\/\/emcmtl.org\/fr\/wp-json\/wp\/v2\/types\/page"}],"author":[{"embeddable":true,"href":"https:\/\/emcmtl.org\/fr\/wp-json\/wp\/v2\/users\/3"}],"replies":[{"embeddable":true,"href":"https:\/\/emcmtl.org\/fr\/wp-json\/wp\/v2\/comments?post=920"}],"version-history":[{"count":1,"href":"https:\/\/emcmtl.org\/fr\/wp-json\/wp\/v2\/pages\/920\/revisions"}],"predecessor-version":[{"id":921,"href":"https:\/\/emcmtl.org\/fr\/wp-json\/wp\/v2\/pages\/920\/revisions\/921"}],"up":[{"embeddable":true,"href":"https:\/\/emcmtl.org\/fr\/wp-json\/wp\/v2\/pages\/891"}],"wp:attachment":[{"href":"https:\/\/emcmtl.org\/fr\/wp-json\/wp\/v2\/media?parent=920"}],"curies":[{"name":"wp","href":"https:\/\/api.w.org\/{rel}","templated":true}]}}